{"id":497,"date":"2015-08-11T04:13:30","date_gmt":"2015-08-11T04:13:30","guid":{"rendered":"https:\/\/www.ascensoresbalaguer.com\/mantenimiento-y-reparaciones\/"},"modified":"2022-11-27T14:26:27","modified_gmt":"2022-11-27T14:26:27","slug":"mantenimiento-y-reparaciones","status":"publish","type":"page","link":"https:\/\/www.ascensoresbalaguer.com\/co\/servicios\/mantenimiento-y-reparaciones\/","title":{"rendered":"Mantenimiento y Reparaciones"},"content":{"rendered":"<div class=\"wpb-content-wrapper\"><p>[vc_row type=&#8221;vc_default&#8221; content_placement=&#8221;middle&#8221;][vc_column width=&#8221;1\/2&#8243;][vc_column_text]<\/p>\n<h2 class=\"tit-servicios\">Elige tu mantenimiento<\/h2>\n<p style=\"text-align: justify;\"><strong>\u00a1CONTAMOS CON EL PRECIO MAS BAJO DEL MERCADO!<\/strong><\/p>\n<p style=\"text-align: justify;\"><strong><span style=\"color: #ff0000;\">Rebajamos su factura actual de mantenimiento sea cual sea. \u00a1Y adem\u00e1s el primer mes es GRATIS!<\/span><\/strong><\/p>\n<p style=\"text-align: justify;\"><strong>\u00bfQuieres pagar menos comunidad?<\/strong><\/p>\n<p style=\"text-align: justify;\">En <strong>Ascensores Balaguer<\/strong> te damos m\u00e1s opciones que nadie para que escojas el servicio de mantenimiento del ascensor al precio que m\u00e1s te convenga.<\/p>\n<p style=\"text-align: justify;\">Sin renunciar a la seguridad, y con la calidad que solo puede darte el l\u00edder en mantenimiento multimarca de ascensores. <strong>Todos nuestros ascensores cumplen con la nueva normativa de ascensores de Colombia, vigente a partir del 2019.<\/strong><\/p>\n<p>Contamos con una flota de coches de \u00faltima generaci\u00f3n y t\u00e9cnicos especializaos para solucionar aver\u00edas con la maxima precision y en el menor tiempo posible.[\/vc_column_text][\/vc_column][vc_column width=&#8221;1\/2&#8243;][vc_single_image image=&#8221;1300&#8243; img_size=&#8221;large&#8221; alignment=&#8221;center&#8221;][vc_empty_space height=&#8221;20&#8243;][\/vc_column][\/vc_row][vc_row][vc_column][vc_single_image image=&#8221;3063&#8243; img_size=&#8221;large&#8221; alignment=&#8221;center&#8221; onclick=&#8221;custom_link&#8221; link=&#8221;https:\/\/www.ascensoresbalaguer.com\/co\/mantenimiento-online\/&#8221;][\/vc_column][\/vc_row][vc_row type=&#8221;vc_default&#8221; content_placement=&#8221;middle&#8221;][vc_column width=&#8221;1\/2&#8243;][vc_single_image image=&#8221;1462&#8243; img_size=&#8221;large&#8221; alignment=&#8221;center&#8221;][vc_empty_space height=&#8221;20&#8243;][\/vc_column][vc_column width=&#8221;1\/2&#8243;][vc_column_text]<\/p>\n<h3>Mantenimiento Preventivo<\/h3>\n<p>Cuando se realiza el\u00a0<strong>mantenimiento de un ascensor<\/strong>, se valoran una serie de componentes, que siempre deben estar en correcto estado. pensando en la seguridad de los habitantes,\u00a0la norma\u00a0vigente y el ahorro de los edificios, viviendas, empresas etc. para evitar gastos adicionales.<\/p>\n<p>El mantenimiento de un ascensor es una responsabilidad que va m\u00e1s all\u00e1 de un contrato, ya que implica el hecho de que el equipo cumpla con las medidas de seguridad porque de lo contrario puede repercutir en accidentes graves donde se ve implicada la vida de una persona; por esa raz\u00f3n\u00a0es necesaria una inversi\u00f3n anual.[\/vc_column_text][\/vc_column][\/vc_row][vc_row][vc_column][vc_single_image image=&#8221;4147&#8243; img_size=&#8221;large&#8221; alignment=&#8221;center&#8221; onclick=&#8221;custom_link&#8221; link=&#8221;https:\/\/www.ascensoresbalaguer.com\/co\/mantenimiento-online\/&#8221;][\/vc_column][\/vc_row][vc_row type=&#8221;vc_default&#8221; content_placement=&#8221;middle&#8221;][vc_column width=&#8221;1\/2&#8243;][vc_column_text]<\/p>\n<h3>La normativa<\/h3>\n<p><strong>Ascensores Balaguer SAS<\/strong> consciente de la importancia que tiene la seguridad e integridad de los usuarios y el personal responsable del\u00a0mantenimiento en ascensores,\u00a0y en concordancia con su misi\u00f3n de proporcionar el mejor servicio y atenci\u00f3n a las necesidades de los clientes, orienta a administradores y representantes legales en el proceso de evaluaci\u00f3n y certificaci\u00f3n de ascensores en concordancia con la <strong>Norma T\u00e9cnica Colombiana NTC 5926-1<\/strong>, y en particular, con las disposiciones establecidas en el <strong>Acuerdo 0450 del 13 de diciembre de 2018<\/strong>, el cual, por el cual se establece como obligatoria la revisi\u00f3n general de los sistemas de transporte vertical en edificaciones y puertas el\u00e9ctricas en Santiago de Cali y se dictan otras disposiciones.<\/p>\n<h3>Norma T\u00e9cnica Colombiana\u00a0<em>NTC 5926-1<\/em><\/h3>\n<p>Esta norma establece la forma sistem\u00e1tica de actuaci\u00f3n, por parte del inspector del organismo de inspecci\u00f3n, para la realizaci\u00f3n de las inspecciones previstas por la normatividad vigente, a fin de comprobar las condiciones de seguridad de los ascensores. <strong><a href=\"https:\/\/www.ascensoresbalaguer.com\/wp-content\/uploads\/2019\/02\/NTC5926-11.pdf\">Descargar Normativa<\/a>.<\/strong>[\/vc_column_text][\/vc_column][vc_column width=&#8221;1\/2&#8243;][vc_single_image image=&#8221;1481&#8243; img_size=&#8221;large&#8221; alignment=&#8221;center&#8221;][vc_empty_space height=&#8221;20&#8243;][\/vc_column][\/vc_row][vc_row type=&#8221;vc_default&#8221; content_placement=&#8221;middle&#8221;][vc_column width=&#8221;1\/2&#8243;][vc_single_image image=&#8221;2042&#8243; img_size=&#8221;large&#8221; alignment=&#8221;center&#8221;][vc_empty_space height=&#8221;20&#8243;][\/vc_column][vc_column width=&#8221;1\/2&#8243;][vc_column_text]<\/p>\n<h3>Acuerdo 0450 de 2018<\/h3>\n<p align=\"justify\">Ya entr\u00f3 en vigencia en Cali el Acuerdo 0450 de 2018, que obliga a los administradores de edificios y copropiedades en que funcionen ascensores, escaleras mec\u00e1nicas, rampas el\u00e9ctricas, plataformas elevadoras y puertas el\u00e9ctricas, a realizar una revisi\u00f3n general anual. <strong><a href=\"https:\/\/www.ascensoresbalaguer.com\/wp-content\/uploads\/2015\/07\/Acuerdo-Cali-0450-de-2018.pdf\">Descargar Acuerdo<\/a><\/strong>.<\/p>\n<p align=\"justify\">Si usted tambi\u00e9n esta cansado de que su ascensor falle o esta buscando una nueva opci\u00f3n para su mantenimiento, ha llegado la hora que se anime a cambiar.\u00a0<strong>Ascensores Balaguer SAS<\/strong>, el lider europeo con mas de 25 a\u00f1os de experiencia, especialista en espacios reducidos, cuenta con el mejor precio del mercado para el mantenimiento de su ascensor. Puede realizar la cotizaci\u00f3n de su\u00a0<a href=\"https:\/\/www.ascensoresbalaguer.com\/co\/mantenimiento-online\/\"><strong>mantenimiento en linea ahora mismo<\/strong><\/a>\u00a0y le enviaremos su presupuesto en menos de 48hs.<\/p>\n<p>[\/vc_column_text][\/vc_column][\/vc_row][vc_row][vc_column][vc_column_text]<\/p>\n<h3 style=\"text-align: center;\">\u00bfPor qu\u00e9 contactar a Ascensores Balaguer?<\/h3>\n<p>[\/vc_column_text][vc_row_inner][vc_column_inner width=&#8221;1\/4&#8243;]<div class=\"flip-box-wrap\" style=\"\"><div class=\"flip-box ifb-custom-height  horizontal_flip_left flip-box-custom-height flip-ifb-custom-height\"  style=\"\"  data-min-height='350px'><div class=\"ifb-flip-box\" id=\"flip-box-wrap-3525\"><div class=\"ifb-face ifb-front \" style=\"color:#333333;background:#efefef; border-width: 2px;border-style: solid; border-color:#a4a4a4; border-radius: 0px;\">\n\t\t\t\t\t\t\t<div class=\"ifb-flip-box-section \">\n\t\t\t\t\t\t\t<div class=\"flip-box-icon\"><div class=\"ult-just-icon-wrapper  \"><div class=\"align-icon\" style=\"text-align:center;\">\n<div class=\"aio-icon-img \" style=\"font-size:250px;display:inline-block;\" >\n\t<img decoding=\"async\" class=\"img-icon\" alt=\"\" src=\"https:\/\/www.ascensoresbalaguer.com\/wp-content\/uploads\/2015\/08\/contratacion-mantenimiento1.png\"\/>\n<\/div><\/div><\/div><\/div><h3 class=\"ult-responsive flipbox_heading\"  data-ultimate-target='#flip-box-wrap-3525 .ult-responsive.flipbox_heading'  data-responsive-json-new='{\"font-size\":\"\",\"line-height\":\"\"}'  style=\"color:#333333; \">Contrataci\u00f3n sin costos de alta, sin tiempo m\u00ednimo permanencia.<\/h3><\/div><\/div><!-- END .front -->\n\t\t\t\t\t\t<div class=\"ifb-face ifb-back\" style=\"color:#333333;background:#efefef; border-width: 2px;border-style: solid; border-color:#a4a4a4; border-radius: 0px;\">\n\t\t\t\t\t\t\t<div class=\"ifb-flip-box-section \"><h3 class=\"ult-responsive flipbox_heading\"  data-ultimate-target='#flip-box-wrap-3525 .ult-responsive.flipbox_heading'  data-responsive-json-new='{\"font-size\":\"\",\"line-height\":\"\"}'  style=\"color:#333333; \">Contrataci\u00f3n sin costos de alta, sin tiempo m\u00ednimo permanencia.<\/h3><div class=\"ifb-flip-box-section-content ult-responsive\"  data-ultimate-target='#flip-box-wrap-3525 .ifb-flip-box-section-content.ult-responsive'  data-responsive-json-new='{\"font-size\":\"\",\"line-height\":\"\"}'  style=\"color:#333333;color:#333333;\"><p>Nuestro mantenimiento a medida es flexible. No pagas por entrar, ni por salir. Basta de contratos abusivos, bienvenidos a la nueva era de mantenimiento para ascensores.<\/p><\/div><\/div><\/div><!-- END .back --><\/div> <!-- ifb-flip-box --><\/div> <!-- flip-box --><\/div><!-- End icon block -->[\/vc_column_inner][vc_column_inner width=&#8221;1\/4&#8243;]<div class=\"flip-box-wrap\" style=\"\"><div class=\"flip-box ifb-custom-height  horizontal_flip_left flip-box-custom-height flip-ifb-custom-height\"  style=\"\"  data-min-height='350px'><div class=\"ifb-flip-box\" id=\"flip-box-wrap-8809\"><div class=\"ifb-face ifb-front \" style=\"color:#333333;background:#efefef; border-width: 2px;border-style: solid; border-color:#a4a4a4; border-radius: 0px;\">\n\t\t\t\t\t\t\t<div class=\"ifb-flip-box-section \">\n\t\t\t\t\t\t\t<div class=\"flip-box-icon\"><div class=\"ult-just-icon-wrapper  \"><div class=\"align-icon\" style=\"text-align:center;\">\n<div class=\"aio-icon-img \" style=\"font-size:250px;display:inline-block;\" >\n\t<img decoding=\"async\" class=\"img-icon\" alt=\"\" src=\"https:\/\/www.ascensoresbalaguer.com\/wp-content\/uploads\/2015\/08\/asesoramiento-juridico1.jpg\"\/>\n<\/div><\/div><\/div><\/div><h3 class=\"ult-responsive flipbox_heading\"  data-ultimate-target='#flip-box-wrap-8809 .ult-responsive.flipbox_heading'  data-responsive-json-new='{\"font-size\":\"\",\"line-height\":\"\"}'  style=\"color:#333333; \">Asesor\u00eda jur\u00eddica GRATIS.<\/h3><\/div><\/div><!-- END .front -->\n\t\t\t\t\t\t<div class=\"ifb-face ifb-back\" style=\"color:#333333;background:#efefef; border-width: 2px;border-style: solid; border-color:#a4a4a4; border-radius: 0px;\">\n\t\t\t\t\t\t\t<div class=\"ifb-flip-box-section \"><h3 class=\"ult-responsive flipbox_heading\"  data-ultimate-target='#flip-box-wrap-8809 .ult-responsive.flipbox_heading'  data-responsive-json-new='{\"font-size\":\"\",\"line-height\":\"\"}'  style=\"color:#333333; \">Asesor\u00eda jur\u00eddica GRATIS.<\/h3><div class=\"ifb-flip-box-section-content ult-responsive\"  data-ultimate-target='#flip-box-wrap-8809 .ifb-flip-box-section-content.ult-responsive'  data-responsive-json-new='{\"font-size\":\"\",\"line-height\":\"\"}'  style=\"color:#333333;color:#333333;\"><p>Nuestro estudio jur\u00eddico est\u00e1 dispuesto a asesorarle, sin costo alguno, cualquier duda que pueda surgir a la hora de instalar un ascensor.<\/p><\/div><\/div><\/div><!-- END .back --><\/div> <!-- ifb-flip-box --><\/div> <!-- flip-box --><\/div><!-- End icon block -->[\/vc_column_inner][vc_column_inner width=&#8221;1\/4&#8243;]<div class=\"flip-box-wrap\" style=\"\"><div class=\"flip-box ifb-custom-height  horizontal_flip_left flip-box-custom-height flip-ifb-custom-height\"  style=\"\"  data-min-height='350px'><div class=\"ifb-flip-box\" id=\"flip-box-wrap-1127\"><div class=\"ifb-face ifb-front \" style=\"color:#333333;background:#efefef; border-width: 2px;border-style: solid; border-color:#a4a4a4; border-radius: 0px;\">\n\t\t\t\t\t\t\t<div class=\"ifb-flip-box-section \">\n\t\t\t\t\t\t\t<div class=\"flip-box-icon\"><div class=\"ult-just-icon-wrapper  \"><div class=\"align-icon\" style=\"text-align:center;\">\n<div class=\"aio-icon-img \" style=\"font-size:250px;display:inline-block;\" >\n\t<img decoding=\"async\" class=\"img-icon\" alt=\"\" src=\"https:\/\/www.ascensoresbalaguer.com\/wp-content\/uploads\/2015\/08\/repuestos-multimarca1.jpg\"\/>\n<\/div><\/div><\/div><\/div><h3 class=\"ult-responsive flipbox_heading\"  data-ultimate-target='#flip-box-wrap-1127 .ult-responsive.flipbox_heading'  data-responsive-json-new='{\"font-size\":\"\",\"line-height\":\"\"}'  style=\"color:#333333; \">Repuestos originales para todas las marcas.<\/h3><\/div><\/div><!-- END .front -->\n\t\t\t\t\t\t<div class=\"ifb-face ifb-back\" style=\"color:#333333;background:#efefef; border-width: 2px;border-style: solid; border-color:#a4a4a4; border-radius: 0px;\">\n\t\t\t\t\t\t\t<div class=\"ifb-flip-box-section \"><h3 class=\"ult-responsive flipbox_heading\"  data-ultimate-target='#flip-box-wrap-1127 .ult-responsive.flipbox_heading'  data-responsive-json-new='{\"font-size\":\"\",\"line-height\":\"\"}'  style=\"color:#333333; \">Repuestos para todas las marcas.<\/h3><div class=\"ifb-flip-box-section-content ult-responsive\"  data-ultimate-target='#flip-box-wrap-1127 .ifb-flip-box-section-content.ult-responsive'  data-responsive-json-new='{\"font-size\":\"\",\"line-height\":\"\"}'  style=\"color:#333333;color:#333333;\"><p>Todas nuestras piezas salen de nuestro taller con stock propio. Contamos con repuestos multimarca de todos los fabricantes del mercado.<\/p><\/div><\/div><\/div><!-- END .back --><\/div> <!-- ifb-flip-box --><\/div> <!-- flip-box --><\/div><!-- End icon block -->[\/vc_column_inner][vc_column_inner width=&#8221;1\/4&#8243;]<div class=\"flip-box-wrap\" style=\"\"><div class=\"flip-box ifb-custom-height  horizontal_flip_left flip-box-custom-height flip-ifb-custom-height\"  style=\"\"  data-min-height='350px'><div class=\"ifb-flip-box\" id=\"flip-box-wrap-4759\"><div class=\"ifb-face ifb-front \" style=\"color:#333333;background:#efefef; border-width: 2px;border-style: solid; border-color:#a4a4a4; border-radius: 0px;\">\n\t\t\t\t\t\t\t<div class=\"ifb-flip-box-section \">\n\t\t\t\t\t\t\t<div class=\"flip-box-icon\"><div class=\"ult-just-icon-wrapper  \"><div class=\"align-icon\" style=\"text-align:center;\">\n<div class=\"aio-icon-img \" style=\"font-size:250px;display:inline-block;\" >\n\t<img decoding=\"async\" class=\"img-icon\" alt=\"\" src=\"https:\/\/www.ascensoresbalaguer.com\/wp-content\/uploads\/2015\/08\/emergencias-24-horas1.jpg\"\/>\n<\/div><\/div><\/div><\/div><h3 class=\"ult-responsive flipbox_heading\"  data-ultimate-target='#flip-box-wrap-4759 .ult-responsive.flipbox_heading'  data-responsive-json-new='{\"font-size\":\"\",\"line-height\":\"\"}'  style=\"color:#333333; \">Tel\u00e9fono para emergencias.<\/h3><\/div><\/div><!-- END .front -->\n\t\t\t\t\t\t<div class=\"ifb-face ifb-back\" style=\"color:#333333;background:#efefef; border-width: 2px;border-style: solid; border-color:#a4a4a4; border-radius: 0px;\">\n\t\t\t\t\t\t\t<div class=\"ifb-flip-box-section \"><h3 class=\"ult-responsive flipbox_heading\"  data-ultimate-target='#flip-box-wrap-4759 .ult-responsive.flipbox_heading'  data-responsive-json-new='{\"font-size\":\"\",\"line-height\":\"\"}'  style=\"color:#333333; \">Tel\u00e9fono para emergencias.<\/h3><div class=\"ifb-flip-box-section-content ult-responsive\"  data-ultimate-target='#flip-box-wrap-4759 .ifb-flip-box-section-content.ult-responsive'  data-responsive-json-new='{\"font-size\":\"\",\"line-height\":\"\"}'  style=\"color:#333333;color:#333333;\"><p>Nuestro tel\u00e9fono esta abierto las 24 hs, los 365 d\u00edas del a\u00f1o, para emergencias. Todos nuestros clientes cuentan con una linea especial para atrancos y aver\u00edas.<\/p><\/div><\/div><\/div><!-- END .back --><\/div> <!-- ifb-flip-box --><\/div> <!-- flip-box --><\/div><!-- End icon block -->[\/vc_column_inner][\/vc_row_inner][\/vc_column][\/vc_row][vc_row type=&#8221;vc_default&#8221; content_placement=&#8221;middle&#8221; bg_type=&#8221;bg_color&#8221; bg_override=&#8221;full&#8221; el_class=&#8221;oscura&#8221; css=&#8221;.vc_custom_1610751124932{background-color: #000000 !important;}&#8221; bg_color_value=&#8221;#ed1c24&#8243;][vc_column][vc_column_text]<\/p>\n<h2 style=\"text-align: center;\"><span style=\"color: #ffffff;\"><a style=\"color: #ffffff;\" href=\"https:\/\/www.ascensoresbalaguer.com\/co\/mantenimiento-online\/\">SOLICITAR PRESUPUESTO<\/a><\/span><\/h2>\n<p>[\/vc_column_text][\/vc_column][\/vc_row]<\/p>\n<\/div>","protected":false},"excerpt":{"rendered":"<p>[vc_row type=&#8221;vc_default&#8221; content_placement=&#8221;middle&#8221;][vc_column width=&#8221;1\/2&#8243;][vc_column_text] Elige tu mantenimiento \u00a1CONTAMOS CON EL PRECIO MAS BAJO DEL MERCADO! Rebajamos su factura actual de mantenimiento sea cual sea. \u00a1Y adem\u00e1s el primer mes es GRATIS! \u00bfQuieres pagar menos comunidad? En Ascensores Balaguer te damos m\u00e1s opciones que nadie para que escojas el servicio de mantenimiento del ascensor al precio&hellip;<\/p>\n","protected":false},"author":4,"featured_media":0,"parent":508,"menu_order":0,"comment_status":"closed","ping_status":"closed","template":"","meta":{"_joinchat":[]},"class_list":["post-497","page","type-page","status-publish","hentry","description-off"],"yoast_head":"<!-- This site is optimized with the Yoast SEO Premium plugin v25.2 (Yoast SEO v25.2) - https:\/\/yoast.com\/wordpress\/plugins\/seo\/ -->\n<title>Mantenimiento y Reparaciones - Ascensores Balaguer<\/title>\n<meta name=\"description\" content=\"Mantenimiento a partir de $70.000 en plataformas y $80.000 en ascensores. Elige tu mantenimiento, \u00a1contamos con el precio m\u00e1s bajo del mercado!\" \/>\n<meta name=\"robots\" content=\"index, follow, max-snippet:-1, max-image-preview:large, max-video-preview:-1\" \/>\n<link rel=\"canonical\" href=\"https:\/\/www.ascensoresbalaguer.com\/co\/servicios\/mantenimiento-y-reparaciones\/\" \/>\n<meta property=\"og:locale\" content=\"es_ES\" \/>\n<meta property=\"og:type\" content=\"article\" \/>\n<meta property=\"og:title\" content=\"Mantenimiento y Reparaciones\" \/>\n<meta property=\"og:description\" content=\"Mantenimiento a partir de $70.000 en plataformas y $80.000 en ascensores. Elige tu mantenimiento, \u00a1contamos con el precio m\u00e1s bajo del mercado!\" \/>\n<meta property=\"og:url\" content=\"https:\/\/www.ascensoresbalaguer.com\/co\/servicios\/mantenimiento-y-reparaciones\/\" \/>\n<meta property=\"og:site_name\" content=\"Ascensores Balaguer\" \/>\n<meta property=\"article:publisher\" content=\"https:\/\/www.facebook.com\/Ascensors.Balaguer.Barcelona\" \/>\n<meta property=\"article:modified_time\" content=\"2022-11-27T14:26:27+00:00\" \/>\n<meta name=\"twitter:card\" content=\"summary_large_image\" \/>\n<meta name=\"twitter:label1\" content=\"Tiempo de lectura\" \/>\n\t<meta name=\"twitter:data1\" content=\"4 minutos\" \/>\n<script type=\"application\/ld+json\" class=\"yoast-schema-graph\">{\"@context\":\"https:\/\/schema.org\",\"@graph\":[{\"@type\":\"WebPage\",\"@id\":\"https:\/\/www.ascensoresbalaguer.com\/co\/servicios\/mantenimiento-y-reparaciones\/\",\"url\":\"https:\/\/www.ascensoresbalaguer.com\/co\/servicios\/mantenimiento-y-reparaciones\/\",\"name\":\"Mantenimiento y Reparaciones - Ascensores Balaguer\",\"isPartOf\":{\"@id\":\"https:\/\/www.ascensoresbalaguer.com\/co\/#website\"},\"datePublished\":\"2015-08-11T04:13:30+00:00\",\"dateModified\":\"2022-11-27T14:26:27+00:00\",\"description\":\"Mantenimiento a partir de $70.000 en plataformas y $80.000 en ascensores. Elige tu mantenimiento, \u00a1contamos con el precio m\u00e1s bajo del mercado!\",\"breadcrumb\":{\"@id\":\"https:\/\/www.ascensoresbalaguer.com\/co\/servicios\/mantenimiento-y-reparaciones\/#breadcrumb\"},\"inLanguage\":\"es-CO\",\"potentialAction\":[{\"@type\":\"ReadAction\",\"target\":[\"https:\/\/www.ascensoresbalaguer.com\/co\/servicios\/mantenimiento-y-reparaciones\/\"]}]},{\"@type\":\"BreadcrumbList\",\"@id\":\"https:\/\/www.ascensoresbalaguer.com\/co\/servicios\/mantenimiento-y-reparaciones\/#breadcrumb\",\"itemListElement\":[{\"@type\":\"ListItem\",\"position\":1,\"name\":\"Portada\",\"item\":\"https:\/\/www.ascensoresbalaguer.com\/co\/\"},{\"@type\":\"ListItem\",\"position\":2,\"name\":\"Servicios\",\"item\":\"https:\/\/www.ascensoresbalaguer.com\/co\/servicios\/\"},{\"@type\":\"ListItem\",\"position\":3,\"name\":\"Mantenimiento y Reparaciones\"}]},{\"@type\":\"WebSite\",\"@id\":\"https:\/\/www.ascensoresbalaguer.com\/co\/#website\",\"url\":\"https:\/\/www.ascensoresbalaguer.com\/co\/\",\"name\":\"Ascensores Balaguer\",\"description\":\"Especialistas en Espacios Reducidos\",\"publisher\":{\"@id\":\"https:\/\/www.ascensoresbalaguer.com\/co\/#organization\"},\"potentialAction\":[{\"@type\":\"SearchAction\",\"target\":{\"@type\":\"EntryPoint\",\"urlTemplate\":\"https:\/\/www.ascensoresbalaguer.com\/co\/?s={search_term_string}\"},\"query-input\":{\"@type\":\"PropertyValueSpecification\",\"valueRequired\":true,\"valueName\":\"search_term_string\"}}],\"inLanguage\":\"es-CO\"},{\"@type\":\"Organization\",\"@id\":\"https:\/\/www.ascensoresbalaguer.com\/co\/#organization\",\"name\":\"Ascensores Balaguer\",\"url\":\"https:\/\/www.ascensoresbalaguer.com\/co\/\",\"logo\":{\"@type\":\"ImageObject\",\"inLanguage\":\"es-CO\",\"@id\":\"https:\/\/www.ascensoresbalaguer.com\/co\/#\/schema\/logo\/image\/\",\"url\":\"https:\/\/www.ascensoresbalaguer.com\/wp-content\/uploads\/2015\/07\/logo-mini.png\",\"contentUrl\":\"https:\/\/www.ascensoresbalaguer.com\/wp-content\/uploads\/2015\/07\/logo-mini.png\",\"width\":113,\"height\":111,\"caption\":\"Ascensores Balaguer\"},\"image\":{\"@id\":\"https:\/\/www.ascensoresbalaguer.com\/co\/#\/schema\/logo\/image\/\"},\"sameAs\":[\"https:\/\/www.facebook.com\/Ascensors.Balaguer.Barcelona\"]}]}<\/script>\n<!-- \/ Yoast SEO Premium plugin. -->","yoast_head_json":{"title":"Mantenimiento y Reparaciones - Ascensores Balaguer","description":"Mantenimiento a partir de $70.000 en plataformas y $80.000 en ascensores. Elige tu mantenimiento, \u00a1contamos con el precio m\u00e1s bajo del mercado!","robots":{"index":"index","follow":"follow","max-snippet":"max-snippet:-1","max-image-preview":"max-image-preview:large","max-video-preview":"max-video-preview:-1"},"canonical":"https:\/\/www.ascensoresbalaguer.com\/co\/servicios\/mantenimiento-y-reparaciones\/","og_locale":"es_ES","og_type":"article","og_title":"Mantenimiento y Reparaciones","og_description":"Mantenimiento a partir de $70.000 en plataformas y $80.000 en ascensores. Elige tu mantenimiento, \u00a1contamos con el precio m\u00e1s bajo del mercado!","og_url":"https:\/\/www.ascensoresbalaguer.com\/co\/servicios\/mantenimiento-y-reparaciones\/","og_site_name":"Ascensores Balaguer","article_publisher":"https:\/\/www.facebook.com\/Ascensors.Balaguer.Barcelona","article_modified_time":"2022-11-27T14:26:27+00:00","twitter_card":"summary_large_image","twitter_misc":{"Tiempo de lectura":"4 minutos"},"schema":{"@context":"https:\/\/schema.org","@graph":[{"@type":"WebPage","@id":"https:\/\/www.ascensoresbalaguer.com\/co\/servicios\/mantenimiento-y-reparaciones\/","url":"https:\/\/www.ascensoresbalaguer.com\/co\/servicios\/mantenimiento-y-reparaciones\/","name":"Mantenimiento y Reparaciones - Ascensores Balaguer","isPartOf":{"@id":"https:\/\/www.ascensoresbalaguer.com\/co\/#website"},"datePublished":"2015-08-11T04:13:30+00:00","dateModified":"2022-11-27T14:26:27+00:00","description":"Mantenimiento a partir de $70.000 en plataformas y $80.000 en ascensores. Elige tu mantenimiento, \u00a1contamos con el precio m\u00e1s bajo del mercado!","breadcrumb":{"@id":"https:\/\/www.ascensoresbalaguer.com\/co\/servicios\/mantenimiento-y-reparaciones\/#breadcrumb"},"inLanguage":"es-CO","potentialAction":[{"@type":"ReadAction","target":["https:\/\/www.ascensoresbalaguer.com\/co\/servicios\/mantenimiento-y-reparaciones\/"]}]},{"@type":"BreadcrumbList","@id":"https:\/\/www.ascensoresbalaguer.com\/co\/servicios\/mantenimiento-y-reparaciones\/#breadcrumb","itemListElement":[{"@type":"ListItem","position":1,"name":"Portada","item":"https:\/\/www.ascensoresbalaguer.com\/co\/"},{"@type":"ListItem","position":2,"name":"Servicios","item":"https:\/\/www.ascensoresbalaguer.com\/co\/servicios\/"},{"@type":"ListItem","position":3,"name":"Mantenimiento y Reparaciones"}]},{"@type":"WebSite","@id":"https:\/\/www.ascensoresbalaguer.com\/co\/#website","url":"https:\/\/www.ascensoresbalaguer.com\/co\/","name":"Ascensores Balaguer","description":"Especialistas en Espacios Reducidos","publisher":{"@id":"https:\/\/www.ascensoresbalaguer.com\/co\/#organization"},"potentialAction":[{"@type":"SearchAction","target":{"@type":"EntryPoint","urlTemplate":"https:\/\/www.ascensoresbalaguer.com\/co\/?s={search_term_string}"},"query-input":{"@type":"PropertyValueSpecification","valueRequired":true,"valueName":"search_term_string"}}],"inLanguage":"es-CO"},{"@type":"Organization","@id":"https:\/\/www.ascensoresbalaguer.com\/co\/#organization","name":"Ascensores Balaguer","url":"https:\/\/www.ascensoresbalaguer.com\/co\/","logo":{"@type":"ImageObject","inLanguage":"es-CO","@id":"https:\/\/www.ascensoresbalaguer.com\/co\/#\/schema\/logo\/image\/","url":"https:\/\/www.ascensoresbalaguer.com\/wp-content\/uploads\/2015\/07\/logo-mini.png","contentUrl":"https:\/\/www.ascensoresbalaguer.com\/wp-content\/uploads\/2015\/07\/logo-mini.png","width":113,"height":111,"caption":"Ascensores Balaguer"},"image":{"@id":"https:\/\/www.ascensoresbalaguer.com\/co\/#\/schema\/logo\/image\/"},"sameAs":["https:\/\/www.facebook.com\/Ascensors.Balaguer.Barcelona"]}]}},"_links":{"self":[{"href":"https:\/\/www.ascensoresbalaguer.com\/co\/wp-json\/wp\/v2\/pages\/497","targetHints":{"allow":["GET"]}}],"collection":[{"href":"https:\/\/www.ascensoresbalaguer.com\/co\/wp-json\/wp\/v2\/pages"}],"about":[{"href":"https:\/\/www.ascensoresbalaguer.com\/co\/wp-json\/wp\/v2\/types\/page"}],"author":[{"embeddable":true,"href":"https:\/\/www.ascensoresbalaguer.com\/co\/wp-json\/wp\/v2\/users\/4"}],"replies":[{"embeddable":true,"href":"https:\/\/www.ascensoresbalaguer.com\/co\/wp-json\/wp\/v2\/comments?post=497"}],"version-history":[{"count":2,"href":"https:\/\/www.ascensoresbalaguer.com\/co\/wp-json\/wp\/v2\/pages\/497\/revisions"}],"predecessor-version":[{"id":4149,"href":"https:\/\/www.ascensoresbalaguer.com\/co\/wp-json\/wp\/v2\/pages\/497\/revisions\/4149"}],"up":[{"embeddable":true,"href":"https:\/\/www.ascensoresbalaguer.com\/co\/wp-json\/wp\/v2\/pages\/508"}],"wp:attachment":[{"href":"https:\/\/www.ascensoresbalaguer.com\/co\/wp-json\/wp\/v2\/media?parent=497"}],"curies":[{"name":"wp","href":"https:\/\/api.w.org\/{rel}","templated":true}]}}