{"id":498,"date":"2015-08-11T04:12:50","date_gmt":"2015-08-11T04:12:50","guid":{"rendered":"https:\/\/www.ascensoresbalaguer.com\/trabaje-con-nosotros\/"},"modified":"2021-01-21T16:18:06","modified_gmt":"2021-01-21T16:18:06","slug":"trabaje-con-nosotros","status":"publish","type":"page","link":"https:\/\/www.ascensoresbalaguer.com\/co\/empresa\/trabaje-con-nosotros\/","title":{"rendered":"Trabaje con nosotros"},"content":{"rendered":"<div class=\"wpb-content-wrapper\"><p>[vc_row type=&#8221;in_container&#8221; row_id=&#8221;&#8221; bg_video_overlay_color=&#8221;&#8221;][vc_column animation=&#8221;&#8221;][vc_column_text]<\/p>\n<p style=\"text-align: justify;\">En Ascensores Balaguer estamos interesados en incorporar nuevos talentos a nuestro\u00a0<strong>equipo de trabajo<\/strong>. Si usted cree que re\u00fane los requisitos y est\u00e1 interesado en formar parte de un\u00a0<strong>gran equipo de trabajo<\/strong>\u00a0en constante crecimiento y aprendizaje, \u00a1d\u00e9jenos su curr\u00edculum!<\/p>\n<p style=\"text-align: justify;\">Se mantendr\u00e1 la confidencialidad de todas las solicitudes en virtud de <a href=\"https:\/\/www.ascensoresbalaguer.com\/empresa\/politica-de-privacidad\/\" target=\"_blank\" rel=\"noopener\">nuestra\u00a0pol\u00edtica de privacidad y protecci\u00f3n de datos<\/a>.<\/p>\n<p>[\/vc_column_text][\/vc_column][\/vc_row][vc_row type=&#8221;in_container&#8221; row_id=&#8221;&#8221; bg_video_overlay_color=&#8221;&#8221;][vc_column width=&#8221;1\/2&#8243; animation=&#8221;&#8221;][vc_column_text]<script type=\"text\/javascript\">\n\/* <![CDATA[ *\/\nvar gform;gform||(document.addEventListener(\"gform_main_scripts_loaded\",function(){gform.scriptsLoaded=!0}),document.addEventListener(\"gform\/theme\/scripts_loaded\",function(){gform.themeScriptsLoaded=!0}),window.addEventListener(\"DOMContentLoaded\",function(){gform.domLoaded=!0}),gform={domLoaded:!1,scriptsLoaded:!1,themeScriptsLoaded:!1,isFormEditor:()=>\"function\"==typeof InitializeEditor,callIfLoaded:function(o){return!(!gform.domLoaded||!gform.scriptsLoaded||!gform.themeScriptsLoaded&&!gform.isFormEditor()||(gform.isFormEditor()&&console.warn(\"The use of gform.initializeOnLoaded() is deprecated in the form editor context and will be removed in Gravity Forms 3.1.\"),o(),0))},initializeOnLoaded:function(o){gform.callIfLoaded(o)||(document.addEventListener(\"gform_main_scripts_loaded\",()=>{gform.scriptsLoaded=!0,gform.callIfLoaded(o)}),document.addEventListener(\"gform\/theme\/scripts_loaded\",()=>{gform.themeScriptsLoaded=!0,gform.callIfLoaded(o)}),window.addEventListener(\"DOMContentLoaded\",()=>{gform.domLoaded=!0,gform.callIfLoaded(o)}))},hooks:{action:{},filter:{}},addAction:function(o,r,e,t){gform.addHook(\"action\",o,r,e,t)},addFilter:function(o,r,e,t){gform.addHook(\"filter\",o,r,e,t)},doAction:function(o){gform.doHook(\"action\",o,arguments)},applyFilters:function(o){return gform.doHook(\"filter\",o,arguments)},removeAction:function(o,r){gform.removeHook(\"action\",o,r)},removeFilter:function(o,r,e){gform.removeHook(\"filter\",o,r,e)},addHook:function(o,r,e,t,n){null==gform.hooks[o][r]&&(gform.hooks[o][r]=[]);var d=gform.hooks[o][r];null==n&&(n=r+\"_\"+d.length),gform.hooks[o][r].push({tag:n,callable:e,priority:t=null==t?10:t})},doHook:function(r,o,e){var t;if(e=Array.prototype.slice.call(e,1),null!=gform.hooks[r][o]&&((o=gform.hooks[r][o]).sort(function(o,r){return o.priority-r.priority}),o.forEach(function(o){\"function\"!=typeof(t=o.callable)&&(t=window[t]),\"action\"==r?t.apply(null,e):e[0]=t.apply(null,e)})),\"filter\"==r)return e[0]},removeHook:function(o,r,t,n){var e;null!=gform.hooks[o][r]&&(e=(e=gform.hooks[o][r]).filter(function(o,r,e){return!!(null!=n&&n!=o.tag||null!=t&&t!=o.priority)}),gform.hooks[o][r]=e)}});\n\/* ]]> *\/\n<\/script>\n\n                <div class='gf_browser_gecko gform_wrapper gform_legacy_markup_wrapper gform-theme--no-framework' data-form-theme='legacy' data-form-index='0' id='gform_wrapper_1' ><div id='gf_1' class='gform_anchor' tabindex='-1'><\/div><form method='post' enctype='multipart\/form-data' target='gform_ajax_frame_1' id='gform_1'  action='\/co\/wp-json\/wp\/v2\/pages\/498#gf_1' data-formid='1' novalidate><div class='gf_invisible ginput_recaptchav3' data-sitekey='6Lc8hqQUAAAAAGaH0nl6eKhsbVO9Xub-PoC6SEdx' data-tabindex='1'><input id=\"input_2d7a60f2b919364ce096d6d4aeca9888\" class=\"gfield_recaptcha_response\" type=\"hidden\" name=\"input_2d7a60f2b919364ce096d6d4aeca9888\" value=\"\"\/><\/div>\n                        <div class='gform-body gform_body'><ul id='gform_fields_1' class='gform_fields top_label form_sublabel_below description_below validation_below'><li id=\"field_1_1\" class=\"gfield gfield--type-text gfield_contains_required field_sublabel_below gfield--no-description field_description_below field_validation_below gfield_visibility_visible\"  ><label class='gfield_label gform-field-label' for='input_1_1'>Nombre y Apellido<span class=\"gfield_required\"><span class=\"gfield_required gfield_required_asterisk\">*<\/span><\/span><\/label><div class='ginput_container ginput_container_text'><input name='input_1' id='input_1_1' type='text' value='' class='large'   tabindex='2'  aria-required=\"true\" aria-invalid=\"false\"   \/><\/div><\/li><li id=\"field_1_2\" class=\"gfield gfield--type-email gfield_contains_required field_sublabel_below gfield--no-description field_description_below field_validation_below gfield_visibility_visible\"  ><label class='gfield_label gform-field-label' for='input_1_2'>E-mail<span class=\"gfield_required\"><span class=\"gfield_required gfield_required_asterisk\">*<\/span><\/span><\/label><div class='ginput_container ginput_container_email'>\n                            <input name='input_2' id='input_1_2' type='email' value='' class='large' tabindex='3'   aria-required=\"true\" aria-invalid=\"false\"  \/>\n                        <\/div><\/li><li id=\"field_1_3\" class=\"gfield gfield--type-select gfield_contains_required field_sublabel_below gfield--no-description field_description_below field_validation_below gfield_visibility_visible\"  ><label class='gfield_label gform-field-label' for='input_1_3'>Puesto<span class=\"gfield_required\"><span class=\"gfield_required gfield_required_asterisk\">*<\/span><\/span><\/label><div class='ginput_container ginput_container_select'><select name='input_3' id='input_1_3' class='large gfield_select' tabindex='4'   aria-required=\"true\" aria-invalid=\"false\" ><option value='' selected='selected' class='gf_placeholder'>Seleccione una opci\u00f3n<\/option><option value='Administrativo' >Administrativo<\/option><option value='Comercial' >Comercial<\/option><option value='T\u00e9cnico' >T\u00e9cnico<\/option><option value='Directivo' >Directivo<\/option><option value='Otro' >Otro<\/option><\/select><\/div><\/li><li id=\"field_1_4\" class=\"gfield gfield--type-fileupload gfield_contains_required field_sublabel_below gfield--no-description field_description_below field_validation_below gfield_visibility_visible\"  ><label class='gfield_label gform-field-label' for='input_1_4'>CV Adjunto<span class=\"gfield_required\"><span class=\"gfield_required gfield_required_asterisk\">*<\/span><\/span><\/label><div class='ginput_container ginput_container_fileupload'><input type='hidden' name='MAX_FILE_SIZE' value='10485760' \/><input name='input_4' id='input_1_4' type='file' class='medium' aria-describedby=\"gfield_upload_rules_1_4\" onchange='javascript:gformValidateFileSize( this, 10485760 );' tabindex='5' \/><span class='gfield_description gform_fileupload_rules' id='gfield_upload_rules_1_4'>Accepted file types: doc, docx, pdf, Max. file size: 10 MB.<\/span><div class='gfield_description validation_message gfield_validation_message validation_message--hidden-on-empty' id='live_validation_message_1_4'><\/div><\/div><\/li><li id=\"field_1_7\" class=\"gfield gfield--type-consent gfield--type-choice gfield--input-type-consent gfield_contains_required field_sublabel_below gfield--no-description field_description_below field_validation_below gfield_visibility_visible\"  ><label class='gfield_label gform-field-label gfield_label_before_complex' >Consentimiento<span class=\"gfield_required\"><span class=\"gfield_required gfield_required_asterisk\">*<\/span><\/span><\/label><div class='ginput_container ginput_container_consent'><input name='input_7.1' id='input_1_7_1' type='checkbox' value='1' tabindex='6'  aria-required=\"true\" aria-invalid=\"false\"   \/> <label class=\"gform-field-label gform-field-label--type-inline gfield_consent_label\" for='input_1_7_1' >Estoy de acuerdo con la pol\u00edtica de privacidad.<\/label><input type='hidden' name='input_7.2' value='Estoy de acuerdo con la pol\u00edtica de privacidad.' class='gform_hidden' \/><input type='hidden' name='input_7.3' value='4' class='gform_hidden' \/><\/div><\/li><li id=\"field_1_8\" class=\"gfield gfield--type-captcha field_sublabel_below gfield--no-description field_description_below field_validation_below gfield_visibility_visible\"  ><label class='gfield_label gform-field-label screen-reader-text' for='input_1_8'><\/label><div id='input_1_8' class='ginput_container ginput_recaptcha' data-sitekey='6LdwhqQUAAAAALNcTCud1WzJsMtkBdcc8yXqg4A4'  data-theme='light' data-tabindex='7'  data-badge=''><\/div><\/li><li id=\"field_1_6\" class=\"gfield gfield--type-hidden gform_hidden field_sublabel_below gfield--no-description field_description_below field_validation_below gfield_visibility_visible\"  ><div class='ginput_container ginput_container_text'><input name='input_6' id='input_1_6' type='hidden' class='gform_hidden'  aria-invalid=\"false\" value='Colombia' \/><\/div><\/li><\/ul><\/div>\n        <div class='gform-footer gform_footer top_label'> <input type='submit' id='gform_submit_button_1' class='gform_button button' onclick='gform.submission.handleButtonClick(this);' data-submission-type='submit' value='Enviar' tabindex='8' \/> <input type='hidden' name='gform_ajax' value='form_id=1&amp;title=&amp;description=&amp;tabindex=1&amp;theme=legacy&amp;styles=[]&amp;hash=a3477d245e78a1bec21d9a0d21ffb112' \/>\n            <input type='hidden' class='gform_hidden' name='gform_submission_method' data-js='gform_submission_method_1' value='iframe' \/>\n            <input type='hidden' class='gform_hidden' name='gform_theme' data-js='gform_theme_1' id='gform_theme_1' value='legacy' \/>\n            <input type='hidden' class='gform_hidden' name='gform_style_settings' data-js='gform_style_settings_1' id='gform_style_settings_1' value='[]' \/>\n            <input type='hidden' class='gform_hidden' name='is_submit_1' value='1' \/>\n            <input type='hidden' class='gform_hidden' name='gform_submit' value='1' \/>\n            \n            <input type='hidden' class='gform_hidden' name='gform_unique_id' value='' \/>\n            <input type='hidden' class='gform_hidden' name='state_1' value='WyJ7XCI3LjFcIjpcIjFlOGYwNTM5ODg0YzMyZjFiYjhkODIxZmQ0NzcyYjAwXCIsXCI3LjJcIjpcIjllYzVlZDM3ZWRkNTcxNzhkM2I1ZDQ4NzliNzI2MzVlXCIsXCI3LjNcIjpcImVkMzZkZDQzYmZhMjBlODU5ZmNlNWYwYjZmODkyMTBiXCJ9IiwiYjMxZjY0ZWQ2NWZiMmU3NTQyMjk3ZjI4Mjc2N2I4NmMiXQ==' \/>\n            <input type='hidden' autocomplete='off' class='gform_hidden' name='gform_target_page_number_1' id='gform_target_page_number_1' value='0' \/>\n            <input type='hidden' autocomplete='off' class='gform_hidden' name='gform_source_page_number_1' id='gform_source_page_number_1' value='1' \/>\n            <input type='hidden' name='gform_field_values' value='' \/>\n            \n        <\/div>\n                        <\/form>\n                        <\/div>\n\t\t                <iframe style='display:none;width:0px;height:0px;' src='about:blank' name='gform_ajax_frame_1' id='gform_ajax_frame_1' title='This iframe contains the logic required to handle Ajax powered Gravity Forms.'><\/iframe>\n\t\t                <script type=\"text\/javascript\">\n\/* <![CDATA[ *\/\n gform.initializeOnLoaded( function() {gformInitSpinner( 1, 'https:\/\/www.ascensoresbalaguer.com\/wp-content\/plugins\/gravityforms\/images\/spinner.svg', true );jQuery('#gform_ajax_frame_1').on('load',function(){var contents = jQuery(this).contents().find('*').html();var is_postback = contents.indexOf('GF_AJAX_POSTBACK') >= 0;if(!is_postback){return;}var form_content = jQuery(this).contents().find('#gform_wrapper_1');var is_confirmation = jQuery(this).contents().find('#gform_confirmation_wrapper_1').length > 0;var is_redirect = contents.indexOf('gformRedirect(){') >= 0;var is_form = form_content.length > 0 && ! is_redirect && ! is_confirmation;var mt = parseInt(jQuery('html').css('margin-top'), 10) + parseInt(jQuery('body').css('margin-top'), 10) + 100;if(is_form){jQuery('#gform_wrapper_1').html(form_content.html());if(form_content.hasClass('gform_validation_error')){jQuery('#gform_wrapper_1').addClass('gform_validation_error');} else {jQuery('#gform_wrapper_1').removeClass('gform_validation_error');}setTimeout( function() { \/* delay the scroll by 50 milliseconds to fix a bug in chrome *\/ jQuery(document).scrollTop(jQuery('#gform_wrapper_1').offset().top - mt); }, 50 );if(window['gformInitDatepicker']) {gformInitDatepicker();}if(window['gformInitPriceFields']) {gformInitPriceFields();}var current_page = jQuery('#gform_source_page_number_1').val();gformInitSpinner( 1, 'https:\/\/www.ascensoresbalaguer.com\/wp-content\/plugins\/gravityforms\/images\/spinner.svg', true );jQuery(document).trigger('gform_page_loaded', [1, current_page]);window['gf_submitting_1'] = false;}else if(!is_redirect){var confirmation_content = jQuery(this).contents().find('.GF_AJAX_POSTBACK').html();if(!confirmation_content){confirmation_content = contents;}jQuery('#gform_wrapper_1').replaceWith(confirmation_content);jQuery(document).scrollTop(jQuery('#gf_1').offset().top - mt);jQuery(document).trigger('gform_confirmation_loaded', [1]);window['gf_submitting_1'] = false;wp.a11y.speak(jQuery('#gform_confirmation_message_1').text());}else{jQuery('#gform_1').append(contents);if(window['gformRedirect']) {gformRedirect();}}jQuery(document).trigger(\"gform_pre_post_render\", [{ formId: \"1\", currentPage: \"current_page\", abort: function() { this.preventDefault(); } }]);                if (event && event.defaultPrevented) {                return;         }        const gformWrapperDiv = document.getElementById( \"gform_wrapper_1\" );        if ( gformWrapperDiv ) {            const visibilitySpan = document.createElement( \"span\" );            visibilitySpan.id = \"gform_visibility_test_1\";            gformWrapperDiv.insertAdjacentElement( \"afterend\", visibilitySpan );        }        const visibilityTestDiv = document.getElementById( \"gform_visibility_test_1\" );        let postRenderFired = false;                function triggerPostRender() {            if ( postRenderFired ) {                return;            }            postRenderFired = true;            gform.core.triggerPostRenderEvents( 1, current_page );            if ( visibilityTestDiv ) {                visibilityTestDiv.parentNode.removeChild( visibilityTestDiv );            }        }        function debounce( func, wait, immediate ) {            var timeout;            return function() {                var context = this, args = arguments;                var later = function() {                    timeout = null;                    if ( !immediate ) func.apply( context, args );                };                var callNow = immediate && !timeout;                clearTimeout( timeout );                timeout = setTimeout( later, wait );                if ( callNow ) func.apply( context, args );            };        }        const debouncedTriggerPostRender = debounce( function() {            triggerPostRender();        }, 200 );        if ( visibilityTestDiv && visibilityTestDiv.offsetParent === null ) {            const observer = new MutationObserver( ( mutations ) => {                mutations.forEach( ( mutation ) => {                    if ( mutation.type === 'attributes' && visibilityTestDiv.offsetParent !== null ) {                        debouncedTriggerPostRender();                        observer.disconnect();                    }                });            });            observer.observe( document.body, {                attributes: true,                childList: false,                subtree: true,                attributeFilter: [ 'style', 'class' ],            });        } else {            triggerPostRender();        }    } );} ); \n\/* ]]> *\/\n<\/script>\n[\/vc_column_text][\/vc_column][vc_column width=&#8221;1\/2&#8243; animation=&#8221;&#8221;][vc_single_image image=&#8221;177&#8243; img_size=&#8221;large&#8221; alignment=&#8221;center&#8221; lightbox=&#8221;&#8221;][\/vc_column][\/vc_row]<\/p>\n<\/div>","protected":false},"excerpt":{"rendered":"<p>[vc_row type=&#8221;in_container&#8221; row_id=&#8221;&#8221; bg_video_overlay_color=&#8221;&#8221;][vc_column animation=&#8221;&#8221;][vc_column_text] En Ascensores Balaguer estamos interesados en incorporar nuevos talentos a nuestro\u00a0equipo de trabajo. Si usted cree que re\u00fane los requisitos y est\u00e1 interesado en formar parte de un\u00a0gran equipo de trabajo\u00a0en constante crecimiento y aprendizaje, \u00a1d\u00e9jenos su curr\u00edculum! Se mantendr\u00e1 la confidencialidad de todas las solicitudes en virtud de nuestra\u00a0pol\u00edtica&hellip;<\/p>\n","protected":false},"author":4,"featured_media":0,"parent":509,"menu_order":0,"comment_status":"closed","ping_status":"closed","template":"","meta":{"_joinchat":[]},"class_list":["post-498","page","type-page","status-publish","hentry","description-off"],"yoast_head":"<!-- This site is optimized with the Yoast SEO Premium plugin v25.2 (Yoast SEO v25.2) - https:\/\/yoast.com\/wordpress\/plugins\/seo\/ -->\n<title>Trabaje con nosotros - Ascensores Balaguer<\/title>\n<meta name=\"robots\" content=\"index, follow, max-snippet:-1, max-image-preview:large, max-video-preview:-1\" \/>\n<link rel=\"canonical\" href=\"https:\/\/www.ascensoresbalaguer.com\/co\/empresa\/trabaje-con-nosotros\/\" \/>\n<meta property=\"og:locale\" content=\"es_ES\" \/>\n<meta property=\"og:type\" content=\"article\" \/>\n<meta property=\"og:title\" content=\"Trabaje con nosotros\" \/>\n<meta property=\"og:description\" content=\"[vc_row type=&#8221;in_container&#8221; row_id=&#8221;&#8221; bg_video_overlay_color=&#8221;&#8221;][vc_column animation=&#8221;&#8221;][vc_column_text] En Ascensores Balaguer estamos interesados en incorporar nuevos talentos a nuestro\u00a0equipo de trabajo. Si usted cree que re\u00fane los requisitos y est\u00e1 interesado en formar parte de un\u00a0gran equipo de trabajo\u00a0en constante crecimiento y aprendizaje, \u00a1d\u00e9jenos su curr\u00edculum! Se mantendr\u00e1 la confidencialidad de todas las solicitudes en virtud de nuestra\u00a0pol\u00edtica&hellip;\" \/>\n<meta property=\"og:url\" content=\"https:\/\/www.ascensoresbalaguer.com\/co\/empresa\/trabaje-con-nosotros\/\" \/>\n<meta property=\"og:site_name\" content=\"Ascensores Balaguer\" \/>\n<meta property=\"article:publisher\" content=\"https:\/\/www.facebook.com\/Ascensors.Balaguer.Barcelona\" \/>\n<meta property=\"article:modified_time\" content=\"2021-01-21T16:18:06+00:00\" \/>\n<meta name=\"twitter:card\" content=\"summary_large_image\" \/>\n<meta name=\"twitter:label1\" content=\"Tiempo de lectura\" \/>\n\t<meta name=\"twitter:data1\" content=\"1 minuto\" \/>\n<script type=\"application\/ld+json\" class=\"yoast-schema-graph\">{\"@context\":\"https:\/\/schema.org\",\"@graph\":[{\"@type\":\"WebPage\",\"@id\":\"https:\/\/www.ascensoresbalaguer.com\/co\/empresa\/trabaje-con-nosotros\/\",\"url\":\"https:\/\/www.ascensoresbalaguer.com\/co\/empresa\/trabaje-con-nosotros\/\",\"name\":\"Trabaje con nosotros - Ascensores Balaguer\",\"isPartOf\":{\"@id\":\"https:\/\/www.ascensoresbalaguer.com\/co\/#website\"},\"datePublished\":\"2015-08-11T04:12:50+00:00\",\"dateModified\":\"2021-01-21T16:18:06+00:00\",\"breadcrumb\":{\"@id\":\"https:\/\/www.ascensoresbalaguer.com\/co\/empresa\/trabaje-con-nosotros\/#breadcrumb\"},\"inLanguage\":\"es-CO\",\"potentialAction\":[{\"@type\":\"ReadAction\",\"target\":[\"https:\/\/www.ascensoresbalaguer.com\/co\/empresa\/trabaje-con-nosotros\/\"]}]},{\"@type\":\"BreadcrumbList\",\"@id\":\"https:\/\/www.ascensoresbalaguer.com\/co\/empresa\/trabaje-con-nosotros\/#breadcrumb\",\"itemListElement\":[{\"@type\":\"ListItem\",\"position\":1,\"name\":\"Portada\",\"item\":\"https:\/\/www.ascensoresbalaguer.com\/co\/\"},{\"@type\":\"ListItem\",\"position\":2,\"name\":\"Empresa\",\"item\":\"https:\/\/www.ascensoresbalaguer.com\/co\/empresa\/\"},{\"@type\":\"ListItem\",\"position\":3,\"name\":\"Trabaje con nosotros\"}]},{\"@type\":\"WebSite\",\"@id\":\"https:\/\/www.ascensoresbalaguer.com\/co\/#website\",\"url\":\"https:\/\/www.ascensoresbalaguer.com\/co\/\",\"name\":\"Ascensores Balaguer\",\"description\":\"Especialistas en Espacios Reducidos\",\"publisher\":{\"@id\":\"https:\/\/www.ascensoresbalaguer.com\/co\/#organization\"},\"potentialAction\":[{\"@type\":\"SearchAction\",\"target\":{\"@type\":\"EntryPoint\",\"urlTemplate\":\"https:\/\/www.ascensoresbalaguer.com\/co\/?s={search_term_string}\"},\"query-input\":{\"@type\":\"PropertyValueSpecification\",\"valueRequired\":true,\"valueName\":\"search_term_string\"}}],\"inLanguage\":\"es-CO\"},{\"@type\":\"Organization\",\"@id\":\"https:\/\/www.ascensoresbalaguer.com\/co\/#organization\",\"name\":\"Ascensores Balaguer\",\"url\":\"https:\/\/www.ascensoresbalaguer.com\/co\/\",\"logo\":{\"@type\":\"ImageObject\",\"inLanguage\":\"es-CO\",\"@id\":\"https:\/\/www.ascensoresbalaguer.com\/co\/#\/schema\/logo\/image\/\",\"url\":\"https:\/\/www.ascensoresbalaguer.com\/wp-content\/uploads\/2015\/07\/logo-mini.png\",\"contentUrl\":\"https:\/\/www.ascensoresbalaguer.com\/wp-content\/uploads\/2015\/07\/logo-mini.png\",\"width\":113,\"height\":111,\"caption\":\"Ascensores Balaguer\"},\"image\":{\"@id\":\"https:\/\/www.ascensoresbalaguer.com\/co\/#\/schema\/logo\/image\/\"},\"sameAs\":[\"https:\/\/www.facebook.com\/Ascensors.Balaguer.Barcelona\"]}]}<\/script>\n<!-- \/ Yoast SEO Premium plugin. -->","yoast_head_json":{"title":"Trabaje con nosotros - Ascensores Balaguer","robots":{"index":"index","follow":"follow","max-snippet":"max-snippet:-1","max-image-preview":"max-image-preview:large","max-video-preview":"max-video-preview:-1"},"canonical":"https:\/\/www.ascensoresbalaguer.com\/co\/empresa\/trabaje-con-nosotros\/","og_locale":"es_ES","og_type":"article","og_title":"Trabaje con nosotros","og_description":"[vc_row type=&#8221;in_container&#8221; row_id=&#8221;&#8221; bg_video_overlay_color=&#8221;&#8221;][vc_column animation=&#8221;&#8221;][vc_column_text] En Ascensores Balaguer estamos interesados en incorporar nuevos talentos a nuestro\u00a0equipo de trabajo. Si usted cree que re\u00fane los requisitos y est\u00e1 interesado en formar parte de un\u00a0gran equipo de trabajo\u00a0en constante crecimiento y aprendizaje, \u00a1d\u00e9jenos su curr\u00edculum! Se mantendr\u00e1 la confidencialidad de todas las solicitudes en virtud de nuestra\u00a0pol\u00edtica&hellip;","og_url":"https:\/\/www.ascensoresbalaguer.com\/co\/empresa\/trabaje-con-nosotros\/","og_site_name":"Ascensores Balaguer","article_publisher":"https:\/\/www.facebook.com\/Ascensors.Balaguer.Barcelona","article_modified_time":"2021-01-21T16:18:06+00:00","twitter_card":"summary_large_image","twitter_misc":{"Tiempo de lectura":"1 minuto"},"schema":{"@context":"https:\/\/schema.org","@graph":[{"@type":"WebPage","@id":"https:\/\/www.ascensoresbalaguer.com\/co\/empresa\/trabaje-con-nosotros\/","url":"https:\/\/www.ascensoresbalaguer.com\/co\/empresa\/trabaje-con-nosotros\/","name":"Trabaje con nosotros - Ascensores Balaguer","isPartOf":{"@id":"https:\/\/www.ascensoresbalaguer.com\/co\/#website"},"datePublished":"2015-08-11T04:12:50+00:00","dateModified":"2021-01-21T16:18:06+00:00","breadcrumb":{"@id":"https:\/\/www.ascensoresbalaguer.com\/co\/empresa\/trabaje-con-nosotros\/#breadcrumb"},"inLanguage":"es-CO","potentialAction":[{"@type":"ReadAction","target":["https:\/\/www.ascensoresbalaguer.com\/co\/empresa\/trabaje-con-nosotros\/"]}]},{"@type":"BreadcrumbList","@id":"https:\/\/www.ascensoresbalaguer.com\/co\/empresa\/trabaje-con-nosotros\/#breadcrumb","itemListElement":[{"@type":"ListItem","position":1,"name":"Portada","item":"https:\/\/www.ascensoresbalaguer.com\/co\/"},{"@type":"ListItem","position":2,"name":"Empresa","item":"https:\/\/www.ascensoresbalaguer.com\/co\/empresa\/"},{"@type":"ListItem","position":3,"name":"Trabaje con nosotros"}]},{"@type":"WebSite","@id":"https:\/\/www.ascensoresbalaguer.com\/co\/#website","url":"https:\/\/www.ascensoresbalaguer.com\/co\/","name":"Ascensores Balaguer","description":"Especialistas en Espacios Reducidos","publisher":{"@id":"https:\/\/www.ascensoresbalaguer.com\/co\/#organization"},"potentialAction":[{"@type":"SearchAction","target":{"@type":"EntryPoint","urlTemplate":"https:\/\/www.ascensoresbalaguer.com\/co\/?s={search_term_string}"},"query-input":{"@type":"PropertyValueSpecification","valueRequired":true,"valueName":"search_term_string"}}],"inLanguage":"es-CO"},{"@type":"Organization","@id":"https:\/\/www.ascensoresbalaguer.com\/co\/#organization","name":"Ascensores Balaguer","url":"https:\/\/www.ascensoresbalaguer.com\/co\/","logo":{"@type":"ImageObject","inLanguage":"es-CO","@id":"https:\/\/www.ascensoresbalaguer.com\/co\/#\/schema\/logo\/image\/","url":"https:\/\/www.ascensoresbalaguer.com\/wp-content\/uploads\/2015\/07\/logo-mini.png","contentUrl":"https:\/\/www.ascensoresbalaguer.com\/wp-content\/uploads\/2015\/07\/logo-mini.png","width":113,"height":111,"caption":"Ascensores Balaguer"},"image":{"@id":"https:\/\/www.ascensoresbalaguer.com\/co\/#\/schema\/logo\/image\/"},"sameAs":["https:\/\/www.facebook.com\/Ascensors.Balaguer.Barcelona"]}]}},"_links":{"self":[{"href":"https:\/\/www.ascensoresbalaguer.com\/co\/wp-json\/wp\/v2\/pages\/498","targetHints":{"allow":["GET"]}}],"collection":[{"href":"https:\/\/www.ascensoresbalaguer.com\/co\/wp-json\/wp\/v2\/pages"}],"about":[{"href":"https:\/\/www.ascensoresbalaguer.com\/co\/wp-json\/wp\/v2\/types\/page"}],"author":[{"embeddable":true,"href":"https:\/\/www.ascensoresbalaguer.com\/co\/wp-json\/wp\/v2\/users\/4"}],"replies":[{"embeddable":true,"href":"https:\/\/www.ascensoresbalaguer.com\/co\/wp-json\/wp\/v2\/comments?post=498"}],"version-history":[{"count":1,"href":"https:\/\/www.ascensoresbalaguer.com\/co\/wp-json\/wp\/v2\/pages\/498\/revisions"}],"predecessor-version":[{"id":2914,"href":"https:\/\/www.ascensoresbalaguer.com\/co\/wp-json\/wp\/v2\/pages\/498\/revisions\/2914"}],"up":[{"embeddable":true,"href":"https:\/\/www.ascensoresbalaguer.com\/co\/wp-json\/wp\/v2\/pages\/509"}],"wp:attachment":[{"href":"https:\/\/www.ascensoresbalaguer.com\/co\/wp-json\/wp\/v2\/media?parent=498"}],"curies":[{"name":"wp","href":"https:\/\/api.w.org\/{rel}","templated":true}]}}