{"id":500,"date":"2015-08-11T04:12:18","date_gmt":"2015-08-11T04:12:18","guid":{"rendered":"https:\/\/www.ascensoresbalaguer.com\/politica-de-privacidad\/"},"modified":"2018-08-07T13:34:41","modified_gmt":"2018-08-07T13:34:41","slug":"politica-de-privacidad","status":"publish","type":"page","link":"https:\/\/www.ascensoresbalaguer.com\/co\/empresa\/politica-de-privacidad\/","title":{"rendered":"Pol\u00edtica de Privacidad"},"content":{"rendered":"<div class=\"wpb-content-wrapper\"><p>[vc_row full_width=&#8221;&#8221; parallax=&#8221;&#8221; parallax_image=&#8221;&#8221; row_id=&#8221;&#8221; type=&#8221;in_container&#8221; enable_parallax=&#8221;&#8221; parallax_speed=&#8221;1&#8243; bg_video_src_mp4=&#8221;&#8221; bg_video_src_ogv=&#8221;&#8221; bg_video_src_webm=&#8221;&#8221; bg_video_overlay_color=&#8221;&#8221; bg_type=&#8221;&#8221; parallax_style=&#8221;&#8221; bg_image_new=&#8221;&#8221; layer_image=&#8221;&#8221; bg_image_repeat=&#8221;&#8221; bg_image_size=&#8221;&#8221; bg_cstm_size=&#8221;&#8221; bg_img_attach=&#8221;&#8221; parallax_sense=&#8221;&#8221; bg_image_posiiton=&#8221;&#8221; animation_direction=&#8221;&#8221; animation_repeat=&#8221;&#8221; video_url=&#8221;&#8221; video_url_2=&#8221;&#8221; u_video_url=&#8221;&#8221; video_opts=&#8221;&#8221; video_poster=&#8221;&#8221; u_start_time=&#8221;&#8221; u_stop_time=&#8221;&#8221; viewport_vdo=&#8221;&#8221; enable_controls=&#8221;&#8221; bg_override=&#8221;&#8221; disable_on_mobile_img_parallax=&#8221;&#8221; parallax_content=&#8221;&#8221; parallax_content_sense=&#8221;&#8221; fadeout_row=&#8221;&#8221; fadeout_start_effect=&#8221;&#8221; enable_overlay=&#8221;&#8221; overlay_color=&#8221;&#8221; overlay_pattern=&#8221;&#8221; overlay_pattern_opacity=&#8221;&#8221; overlay_pattern_size=&#8221;&#8221; overlay_pattern_attachment=&#8221;&#8221; multi_color_overlay=&#8221;&#8221; multi_color_overlay_opacity=&#8221;&#8221; seperator_enable=&#8221;&#8221; seperator_type=&#8221;&#8221; seperator_position=&#8221;&#8221; seperator_shape_size=&#8221;&#8221; seperator_svg_height=&#8221;&#8221; seperator_shape_background=&#8221;&#8221; seperator_shape_border=&#8221;&#8221; seperator_shape_border_color=&#8221;&#8221; seperator_shape_border_width=&#8221;&#8221; icon_type=&#8221;&#8221; icon=&#8221;&#8221; icon_size=&#8221;&#8221; icon_color=&#8221;&#8221; icon_style=&#8221;&#8221; icon_color_bg=&#8221;&#8221; icon_border_style=&#8221;&#8221; icon_color_border=&#8221;&#8221; icon_border_size=&#8221;&#8221; icon_border_radius=&#8221;&#8221; icon_border_spacing=&#8221;&#8221; icon_img=&#8221;&#8221; img_width=&#8221;&#8221; ult_hide_row=&#8221;&#8221; ult_hide_row_large_screen=&#8221;&#8221; ult_hide_row_desktop=&#8221;&#8221; ult_hide_row_tablet=&#8221;&#8221; ult_hide_row_tablet_small=&#8221;&#8221; ult_hide_row_mobile=&#8221;&#8221; ult_hide_row_mobile_large=&#8221;&#8221;][vc_column width=&#8221;1\/1&#8243; animation=&#8221;&#8221;][vc_column_text]<\/p>\n<h3><strong>PROTECCI\u00d3N DE DATOS PERSONALES<\/strong><\/h3>\n<p>La confidencialidad, el secreto profesional y la seguridad son valores primordiales de\u00a0<strong>ASCENSORES BALAGUER S.A.S.\u00a0<\/strong>, Que asume el compromiso de garantizar la privacidad del usuario o visitante en todo momento, y en todas las interacciones con aquel.\u00a0<strong>ASCENSORES BALAGUER S.A.S.<\/strong>\u00a0asume tambi\u00e9n el compromiso de no recabar informaci\u00f3n innecesaria sobre el Usuario. Asimismo, nos comprometemos a tratar con extrema diligencia la informaci\u00f3n personal que el Usuario pueda facilitar a trav\u00e9s de nuestra web.<\/p>\n<p>De conformidad con el Reglamento (UE) 2016\/679 del Parlamento Europea\u00a0y\u00a0del Consejo de 27 de abril del 2016, de Protecci\u00f3n de Datos de Car\u00e1cter Personal le informamos que la utilizaci\u00f3n de determinados servicios en nuestra p\u00e1gina web requiere que nos facilite determinados datos personales a trav\u00e9s de formularios de registro o mediante el env\u00edo de mensajes de correo electr\u00f3nico, y que \u00e9stos ser\u00e1n objeto de tratamiento por parte de\u00a0<strong>ASCENSORES BALAGUER S.A.S.<\/strong>,. El env\u00edo referido de los datos personales constituye el consentimiento expreso al tratamiento de los mismos, si bien de car\u00e1cter revocable y sin efectos retroactivos.<\/p>\n<h3>Identificaci\u00f3n<\/h3>\n<p>De conformidad con lo dispuesto en el art\u00edculo 10 de la Ley 34\/2002, de 11 de julio, de servicios de sociedad de la informaci\u00f3n y comercio electr\u00f3nico, se informa que ascensoresbalaguer.com es un dominio de la empresa\u00a0<strong>ASCENSORES BALAGUER S.A.S.<\/strong>\u00a0con domicilio social en Carrera 44 No 3a-32 barri\u00f3 el Lido,\u00a0Santiago de Cali, Colombia, tel\u00e9fono 383 73 22. La sociedad se denomina\u00a0<strong>ASCENSORES BALAGUER S.A.S.<\/strong>\u00a0con\u00a0<strong>NIT 900210164-5.<\/strong><\/p>\n<h3>Uso de sus datos personales<\/h3>\n<p>En la navegaci\u00f3n por nuestro WEB es posible que se recojan de usted ciertos datos de car\u00e1cter personal, necesarios para la prestaci\u00f3n de los servicios solicitados.<br \/>\nEn concreto vd. nos puede proporcionar informaci\u00f3n en los siguientes apartados:<br \/>\n\u2013 Obtenga un presupuesto. Recogeremos los datos necesarios para poder realizar su petici\u00f3n.<br \/>\n\u2013 Contacto. Datos de contacto para poder contestar cualquier pregunta o petici\u00f3n que usted nos haga.<br \/>\n\u2013 Newsletter. Introduciendo su nombre y mail recibir\u00e1 todas las novedades de la empresa. Siempre se podr\u00e1 dar de baja pulsando el link habilitado en las mismas newsletter para este fin.<\/p>\n<h3>Recepci\u00f3n de Curr\u00edculums Vitae<\/h3>\n<p>En el caso de enviarnos su curriculum vitae, en virtud de la Ley de Protecci\u00f3n de Datos Personales, le informamos que sus datos personales ser\u00e1n tratados por\u00a0ASCENSORES BALAGUER S.A.S., s, con la finalidad de disponer de su curr\u00edculum para llevar a cabo procesos de selecci\u00f3n de personal si su perfil profesional se ajusta a nuestras necesidades. Se participa en un proceso de selecci\u00f3n sus datos pueden ser cedidos a empresas subcontratadas para esta finalidad y una vez finalizado el proceso, ser\u00e1n destruidos.<\/p>\n<p><strong>ASCENSORES BALAGUER S.A.S.<\/strong>\u00a0conservar\u00e1 sus datos un a\u00f1o, si el perfil encaja con nuestras demandas internas, o bien 15 d\u00edas, si no encaja.<\/p>\n<h3>Derechos sobre sus datos personales<\/h3>\n<p>Puede ejercer sus derechos de acceso, rectificaci\u00f3n, limitaci\u00f3n, supresi\u00f3n y oposici\u00f3n indic\u00e1ndolo por escrito a\u00a0<strong>ASCENSORES BALAGUER S.A.S.<\/strong>\u00a0en la direcci\u00f3n en Carrera 44 No 3a-32 barri\u00f3 el Lido,\u00a0Santiago de Cali, Colombia o mediante correo electr\u00f3nico a la direcci\u00f3n info@ascensoresbalaguer.com aport\u00e1ndonos copia de su DNI<\/p>\n<h3>Comunicaciones de datos<\/h3>\n<p><strong>ASCENSORES BALAGUER S.A.S.<\/strong>\u00a0le informa que sus datos son tratados confidencialmente y son utilizados exclusivamente de manera interna y para las finalidades indicadas. Por tanto, no cedemos ni comunicamos a ning\u00fan tercero sus datos, excepto en los casos legalmente previstos, o en que el USUARIO nos lo autorice expresamente.<\/p>\n<h3>Seguridad de sus datos personales<\/h3>\n<p>Con el objetivo de salvaguardar la seguridad de sus datos personales, le informamos que\u00a0<strong>ASCENSORES BALAGUER S.A.S.<\/strong>\u00a0ha adoptado todas las medidas de \u00edndole t\u00e9cnica y organizativa necesarias para garantizar la seguridad de los datos personales suministrados de su alteraci\u00f3n, p\u00e9rdida, y tratamientos o accesos no autorizados.<\/p>\n<h3>Actualizaci\u00f3n de sus datos<\/h3>\n<p>Es importante que para que podamos mantener sus datos personales actualizados, nos informe siempre que haya habido alguna modificaci\u00f3n en ellos, en caso contrario, no respondemos de la veracidad de las mismas.<\/p>\n<p>Consideramos que si no cancela sus datos personales expresamente de nuestros ficheros, contin\u00faa interesado en seguir incorporado a los mismos hasta que\u00a0<strong>ASCENSORES BALAGUER S.A.S.<\/strong>\u00a0lo considere oportuno y mientras sea adecuado a la finalidad para la que se obtuvieron.<\/p>\n<p><strong>ASCENSORES BALAGUER S.A.S.<\/strong>, no se hace responsable de la pol\u00edtica de privacidad respecto a los datos personales que pueda facilitar a terceros por medio de los enlaces disponibles en nuestra p\u00e1gina web.<\/p>\n<p><strong>ASCENSORES BALAGUER S.A.S.<\/strong>\u00a0puede modificar las presentes pol\u00edticas de privacidad para adaptarlas a las modificaciones que se produzcan en nuestra web, as\u00ed como modificaciones legislativas o jurisprudenciales sobre datos personales que vayan apareciendo, por lo que exige su lectura, cada vez que nos facilite sus datos a trav\u00e9s de esta Web.<span style=\"color: #333333; font-size: 16px;\">[\/vc_column_text][\/vc_column][\/vc_row]<\/span><\/p>\n<\/div>","protected":false},"excerpt":{"rendered":"<p>[vc_row full_width=&#8221;&#8221; parallax=&#8221;&#8221; parallax_image=&#8221;&#8221; row_id=&#8221;&#8221; type=&#8221;in_container&#8221; enable_parallax=&#8221;&#8221; parallax_speed=&#8221;1&#8243; bg_video_src_mp4=&#8221;&#8221; bg_video_src_ogv=&#8221;&#8221; bg_video_src_webm=&#8221;&#8221; bg_video_overlay_color=&#8221;&#8221; bg_type=&#8221;&#8221; parallax_style=&#8221;&#8221; bg_image_new=&#8221;&#8221; layer_image=&#8221;&#8221; bg_image_repeat=&#8221;&#8221; bg_image_size=&#8221;&#8221; bg_cstm_size=&#8221;&#8221; bg_img_attach=&#8221;&#8221; parallax_sense=&#8221;&#8221; bg_image_posiiton=&#8221;&#8221; animation_direction=&#8221;&#8221; animation_repeat=&#8221;&#8221; video_url=&#8221;&#8221; video_url_2=&#8221;&#8221; u_video_url=&#8221;&#8221; video_opts=&#8221;&#8221; video_poster=&#8221;&#8221; u_start_time=&#8221;&#8221; u_stop_time=&#8221;&#8221; viewport_vdo=&#8221;&#8221; enable_controls=&#8221;&#8221; bg_override=&#8221;&#8221; disable_on_mobile_img_parallax=&#8221;&#8221; parallax_content=&#8221;&#8221; parallax_content_sense=&#8221;&#8221; fadeout_row=&#8221;&#8221; fadeout_start_effect=&#8221;&#8221; enable_overlay=&#8221;&#8221; overlay_color=&#8221;&#8221; overlay_pattern=&#8221;&#8221; overlay_pattern_opacity=&#8221;&#8221; overlay_pattern_size=&#8221;&#8221; overlay_pattern_attachment=&#8221;&#8221; multi_color_overlay=&#8221;&#8221; multi_color_overlay_opacity=&#8221;&#8221; seperator_enable=&#8221;&#8221; seperator_type=&#8221;&#8221; seperator_position=&#8221;&#8221; seperator_shape_size=&#8221;&#8221; seperator_svg_height=&#8221;&#8221; seperator_shape_background=&#8221;&#8221; seperator_shape_border=&#8221;&#8221; seperator_shape_border_color=&#8221;&#8221;&hellip;<\/p>\n","protected":false},"author":4,"featured_media":0,"parent":509,"menu_order":0,"comment_status":"closed","ping_status":"closed","template":"","meta":{"_joinchat":[]},"class_list":["post-500","page","type-page","status-publish","hentry","description-off"],"yoast_head":"<!-- This site is optimized with the Yoast SEO Premium plugin v25.2 (Yoast SEO v25.2) - https:\/\/yoast.com\/wordpress\/plugins\/seo\/ -->\n<title>Pol\u00edtica de Privacidad - Ascensores Balaguer<\/title>\n<meta name=\"robots\" content=\"index, follow, max-snippet:-1, max-image-preview:large, max-video-preview:-1\" \/>\n<link rel=\"canonical\" href=\"https:\/\/www.ascensoresbalaguer.com\/co\/empresa\/politica-de-privacidad\/\" \/>\n<meta property=\"og:locale\" content=\"es_ES\" \/>\n<meta property=\"og:type\" content=\"article\" \/>\n<meta property=\"og:title\" content=\"Pol\u00edtica de Privacidad\" \/>\n<meta property=\"og:description\" content=\"[vc_row full_width=&#8221;&#8221; parallax=&#8221;&#8221; parallax_image=&#8221;&#8221; row_id=&#8221;&#8221; type=&#8221;in_container&#8221; enable_parallax=&#8221;&#8221; parallax_speed=&#8221;1&#8243; bg_video_src_mp4=&#8221;&#8221; bg_video_src_ogv=&#8221;&#8221; bg_video_src_webm=&#8221;&#8221; bg_video_overlay_color=&#8221;&#8221; bg_type=&#8221;&#8221; parallax_style=&#8221;&#8221; bg_image_new=&#8221;&#8221; layer_image=&#8221;&#8221; bg_image_repeat=&#8221;&#8221; bg_image_size=&#8221;&#8221; bg_cstm_size=&#8221;&#8221; bg_img_attach=&#8221;&#8221; parallax_sense=&#8221;&#8221; bg_image_posiiton=&#8221;&#8221; animation_direction=&#8221;&#8221; animation_repeat=&#8221;&#8221; video_url=&#8221;&#8221; video_url_2=&#8221;&#8221; u_video_url=&#8221;&#8221; video_opts=&#8221;&#8221; video_poster=&#8221;&#8221; u_start_time=&#8221;&#8221; u_stop_time=&#8221;&#8221; viewport_vdo=&#8221;&#8221; enable_controls=&#8221;&#8221; bg_override=&#8221;&#8221; disable_on_mobile_img_parallax=&#8221;&#8221; parallax_content=&#8221;&#8221; parallax_content_sense=&#8221;&#8221; fadeout_row=&#8221;&#8221; fadeout_start_effect=&#8221;&#8221; enable_overlay=&#8221;&#8221; overlay_color=&#8221;&#8221; overlay_pattern=&#8221;&#8221; overlay_pattern_opacity=&#8221;&#8221; overlay_pattern_size=&#8221;&#8221; overlay_pattern_attachment=&#8221;&#8221; multi_color_overlay=&#8221;&#8221; multi_color_overlay_opacity=&#8221;&#8221; seperator_enable=&#8221;&#8221; seperator_type=&#8221;&#8221; seperator_position=&#8221;&#8221; seperator_shape_size=&#8221;&#8221; seperator_svg_height=&#8221;&#8221; seperator_shape_background=&#8221;&#8221; seperator_shape_border=&#8221;&#8221; seperator_shape_border_color=&#8221;&#8221;&hellip;\" \/>\n<meta property=\"og:url\" content=\"https:\/\/www.ascensoresbalaguer.com\/co\/empresa\/politica-de-privacidad\/\" \/>\n<meta property=\"og:site_name\" content=\"Ascensores Balaguer\" \/>\n<meta property=\"article:publisher\" content=\"https:\/\/www.facebook.com\/Ascensors.Balaguer.Barcelona\" \/>\n<meta property=\"article:modified_time\" content=\"2018-08-07T13:34:41+00:00\" \/>\n<meta name=\"twitter:card\" content=\"summary_large_image\" \/>\n<meta name=\"twitter:label1\" content=\"Tiempo de lectura\" \/>\n\t<meta name=\"twitter:data1\" content=\"5 minutos\" \/>\n<script type=\"application\/ld+json\" class=\"yoast-schema-graph\">{\"@context\":\"https:\/\/schema.org\",\"@graph\":[{\"@type\":\"WebPage\",\"@id\":\"https:\/\/www.ascensoresbalaguer.com\/co\/empresa\/politica-de-privacidad\/\",\"url\":\"https:\/\/www.ascensoresbalaguer.com\/co\/empresa\/politica-de-privacidad\/\",\"name\":\"Pol\u00edtica de Privacidad - Ascensores Balaguer\",\"isPartOf\":{\"@id\":\"https:\/\/www.ascensoresbalaguer.com\/co\/#website\"},\"datePublished\":\"2015-08-11T04:12:18+00:00\",\"dateModified\":\"2018-08-07T13:34:41+00:00\",\"breadcrumb\":{\"@id\":\"https:\/\/www.ascensoresbalaguer.com\/co\/empresa\/politica-de-privacidad\/#breadcrumb\"},\"inLanguage\":\"es-CO\",\"potentialAction\":[{\"@type\":\"ReadAction\",\"target\":[\"https:\/\/www.ascensoresbalaguer.com\/co\/empresa\/politica-de-privacidad\/\"]}]},{\"@type\":\"BreadcrumbList\",\"@id\":\"https:\/\/www.ascensoresbalaguer.com\/co\/empresa\/politica-de-privacidad\/#breadcrumb\",\"itemListElement\":[{\"@type\":\"ListItem\",\"position\":1,\"name\":\"Portada\",\"item\":\"https:\/\/www.ascensoresbalaguer.com\/co\/\"},{\"@type\":\"ListItem\",\"position\":2,\"name\":\"Empresa\",\"item\":\"https:\/\/www.ascensoresbalaguer.com\/co\/empresa\/\"},{\"@type\":\"ListItem\",\"position\":3,\"name\":\"Pol\u00edtica de Privacidad\"}]},{\"@type\":\"WebSite\",\"@id\":\"https:\/\/www.ascensoresbalaguer.com\/co\/#website\",\"url\":\"https:\/\/www.ascensoresbalaguer.com\/co\/\",\"name\":\"Ascensores Balaguer\",\"description\":\"Especialistas en Espacios Reducidos\",\"publisher\":{\"@id\":\"https:\/\/www.ascensoresbalaguer.com\/co\/#organization\"},\"potentialAction\":[{\"@type\":\"SearchAction\",\"target\":{\"@type\":\"EntryPoint\",\"urlTemplate\":\"https:\/\/www.ascensoresbalaguer.com\/co\/?s={search_term_string}\"},\"query-input\":{\"@type\":\"PropertyValueSpecification\",\"valueRequired\":true,\"valueName\":\"search_term_string\"}}],\"inLanguage\":\"es-CO\"},{\"@type\":\"Organization\",\"@id\":\"https:\/\/www.ascensoresbalaguer.com\/co\/#organization\",\"name\":\"Ascensores Balaguer\",\"url\":\"https:\/\/www.ascensoresbalaguer.com\/co\/\",\"logo\":{\"@type\":\"ImageObject\",\"inLanguage\":\"es-CO\",\"@id\":\"https:\/\/www.ascensoresbalaguer.com\/co\/#\/schema\/logo\/image\/\",\"url\":\"https:\/\/www.ascensoresbalaguer.com\/wp-content\/uploads\/2015\/07\/logo-mini.png\",\"contentUrl\":\"https:\/\/www.ascensoresbalaguer.com\/wp-content\/uploads\/2015\/07\/logo-mini.png\",\"width\":113,\"height\":111,\"caption\":\"Ascensores Balaguer\"},\"image\":{\"@id\":\"https:\/\/www.ascensoresbalaguer.com\/co\/#\/schema\/logo\/image\/\"},\"sameAs\":[\"https:\/\/www.facebook.com\/Ascensors.Balaguer.Barcelona\"]}]}<\/script>\n<!-- \/ Yoast SEO Premium plugin. -->","yoast_head_json":{"title":"Pol\u00edtica de Privacidad - Ascensores Balaguer","robots":{"index":"index","follow":"follow","max-snippet":"max-snippet:-1","max-image-preview":"max-image-preview:large","max-video-preview":"max-video-preview:-1"},"canonical":"https:\/\/www.ascensoresbalaguer.com\/co\/empresa\/politica-de-privacidad\/","og_locale":"es_ES","og_type":"article","og_title":"Pol\u00edtica de Privacidad","og_description":"[vc_row full_width=&#8221;&#8221; parallax=&#8221;&#8221; parallax_image=&#8221;&#8221; row_id=&#8221;&#8221; type=&#8221;in_container&#8221; enable_parallax=&#8221;&#8221; parallax_speed=&#8221;1&#8243; bg_video_src_mp4=&#8221;&#8221; bg_video_src_ogv=&#8221;&#8221; bg_video_src_webm=&#8221;&#8221; bg_video_overlay_color=&#8221;&#8221; bg_type=&#8221;&#8221; parallax_style=&#8221;&#8221; bg_image_new=&#8221;&#8221; layer_image=&#8221;&#8221; bg_image_repeat=&#8221;&#8221; bg_image_size=&#8221;&#8221; bg_cstm_size=&#8221;&#8221; bg_img_attach=&#8221;&#8221; parallax_sense=&#8221;&#8221; bg_image_posiiton=&#8221;&#8221; animation_direction=&#8221;&#8221; animation_repeat=&#8221;&#8221; video_url=&#8221;&#8221; video_url_2=&#8221;&#8221; u_video_url=&#8221;&#8221; video_opts=&#8221;&#8221; video_poster=&#8221;&#8221; u_start_time=&#8221;&#8221; u_stop_time=&#8221;&#8221; viewport_vdo=&#8221;&#8221; enable_controls=&#8221;&#8221; bg_override=&#8221;&#8221; disable_on_mobile_img_parallax=&#8221;&#8221; parallax_content=&#8221;&#8221; parallax_content_sense=&#8221;&#8221; fadeout_row=&#8221;&#8221; fadeout_start_effect=&#8221;&#8221; enable_overlay=&#8221;&#8221; overlay_color=&#8221;&#8221; overlay_pattern=&#8221;&#8221; overlay_pattern_opacity=&#8221;&#8221; overlay_pattern_size=&#8221;&#8221; overlay_pattern_attachment=&#8221;&#8221; multi_color_overlay=&#8221;&#8221; multi_color_overlay_opacity=&#8221;&#8221; seperator_enable=&#8221;&#8221; seperator_type=&#8221;&#8221; seperator_position=&#8221;&#8221; seperator_shape_size=&#8221;&#8221; seperator_svg_height=&#8221;&#8221; seperator_shape_background=&#8221;&#8221; seperator_shape_border=&#8221;&#8221; seperator_shape_border_color=&#8221;&#8221;&hellip;","og_url":"https:\/\/www.ascensoresbalaguer.com\/co\/empresa\/politica-de-privacidad\/","og_site_name":"Ascensores Balaguer","article_publisher":"https:\/\/www.facebook.com\/Ascensors.Balaguer.Barcelona","article_modified_time":"2018-08-07T13:34:41+00:00","twitter_card":"summary_large_image","twitter_misc":{"Tiempo de lectura":"5 minutos"},"schema":{"@context":"https:\/\/schema.org","@graph":[{"@type":"WebPage","@id":"https:\/\/www.ascensoresbalaguer.com\/co\/empresa\/politica-de-privacidad\/","url":"https:\/\/www.ascensoresbalaguer.com\/co\/empresa\/politica-de-privacidad\/","name":"Pol\u00edtica de Privacidad - Ascensores Balaguer","isPartOf":{"@id":"https:\/\/www.ascensoresbalaguer.com\/co\/#website"},"datePublished":"2015-08-11T04:12:18+00:00","dateModified":"2018-08-07T13:34:41+00:00","breadcrumb":{"@id":"https:\/\/www.ascensoresbalaguer.com\/co\/empresa\/politica-de-privacidad\/#breadcrumb"},"inLanguage":"es-CO","potentialAction":[{"@type":"ReadAction","target":["https:\/\/www.ascensoresbalaguer.com\/co\/empresa\/politica-de-privacidad\/"]}]},{"@type":"BreadcrumbList","@id":"https:\/\/www.ascensoresbalaguer.com\/co\/empresa\/politica-de-privacidad\/#breadcrumb","itemListElement":[{"@type":"ListItem","position":1,"name":"Portada","item":"https:\/\/www.ascensoresbalaguer.com\/co\/"},{"@type":"ListItem","position":2,"name":"Empresa","item":"https:\/\/www.ascensoresbalaguer.com\/co\/empresa\/"},{"@type":"ListItem","position":3,"name":"Pol\u00edtica de Privacidad"}]},{"@type":"WebSite","@id":"https:\/\/www.ascensoresbalaguer.com\/co\/#website","url":"https:\/\/www.ascensoresbalaguer.com\/co\/","name":"Ascensores Balaguer","description":"Especialistas en Espacios Reducidos","publisher":{"@id":"https:\/\/www.ascensoresbalaguer.com\/co\/#organization"},"potentialAction":[{"@type":"SearchAction","target":{"@type":"EntryPoint","urlTemplate":"https:\/\/www.ascensoresbalaguer.com\/co\/?s={search_term_string}"},"query-input":{"@type":"PropertyValueSpecification","valueRequired":true,"valueName":"search_term_string"}}],"inLanguage":"es-CO"},{"@type":"Organization","@id":"https:\/\/www.ascensoresbalaguer.com\/co\/#organization","name":"Ascensores Balaguer","url":"https:\/\/www.ascensoresbalaguer.com\/co\/","logo":{"@type":"ImageObject","inLanguage":"es-CO","@id":"https:\/\/www.ascensoresbalaguer.com\/co\/#\/schema\/logo\/image\/","url":"https:\/\/www.ascensoresbalaguer.com\/wp-content\/uploads\/2015\/07\/logo-mini.png","contentUrl":"https:\/\/www.ascensoresbalaguer.com\/wp-content\/uploads\/2015\/07\/logo-mini.png","width":113,"height":111,"caption":"Ascensores Balaguer"},"image":{"@id":"https:\/\/www.ascensoresbalaguer.com\/co\/#\/schema\/logo\/image\/"},"sameAs":["https:\/\/www.facebook.com\/Ascensors.Balaguer.Barcelona"]}]}},"_links":{"self":[{"href":"https:\/\/www.ascensoresbalaguer.com\/co\/wp-json\/wp\/v2\/pages\/500","targetHints":{"allow":["GET"]}}],"collection":[{"href":"https:\/\/www.ascensoresbalaguer.com\/co\/wp-json\/wp\/v2\/pages"}],"about":[{"href":"https:\/\/www.ascensoresbalaguer.com\/co\/wp-json\/wp\/v2\/types\/page"}],"author":[{"embeddable":true,"href":"https:\/\/www.ascensoresbalaguer.com\/co\/wp-json\/wp\/v2\/users\/4"}],"replies":[{"embeddable":true,"href":"https:\/\/www.ascensoresbalaguer.com\/co\/wp-json\/wp\/v2\/comments?post=500"}],"version-history":[{"count":1,"href":"https:\/\/www.ascensoresbalaguer.com\/co\/wp-json\/wp\/v2\/pages\/500\/revisions"}],"predecessor-version":[{"id":902,"href":"https:\/\/www.ascensoresbalaguer.com\/co\/wp-json\/wp\/v2\/pages\/500\/revisions\/902"}],"up":[{"embeddable":true,"href":"https:\/\/www.ascensoresbalaguer.com\/co\/wp-json\/wp\/v2\/pages\/509"}],"wp:attachment":[{"href":"https:\/\/www.ascensoresbalaguer.com\/co\/wp-json\/wp\/v2\/media?parent=500"}],"curies":[{"name":"wp","href":"https:\/\/api.w.org\/{rel}","templated":true}]}}