{"id":501,"date":"2015-08-11T04:12:04","date_gmt":"2015-08-11T04:12:04","guid":{"rendered":"https:\/\/www.ascensoresbalaguer.com\/galeria-de-obras\/"},"modified":"2023-08-30T08:30:22","modified_gmt":"2023-08-30T08:30:22","slug":"galeria-de-obras","status":"publish","type":"page","link":"https:\/\/www.ascensoresbalaguer.com\/co\/empresa\/galeria-de-obras\/","title":{"rendered":"Galer\u00eda de Obras"},"content":{"rendered":"<div class=\"wpb-content-wrapper\"><p>[vc_row][vc_column][vc_column_text]<\/p>\n<p style=\"text-align: center;\">Bienvenidos a nuestra secci\u00f3n de Galer\u00eda de Obras en Ascensores Balaguer. Aqu\u00ed te invitamos a explorar una selecci\u00f3n cuidadosamente curada de proyectos que reflejan nuestra pasi\u00f3n por la excelencia en soluciones de elevaci\u00f3n. Cada obra es un testimonio vivo de nuestro compromiso con la innovaci\u00f3n, la seguridad y la adaptabilidad. Desde instalaciones en espacios reducidos hasta transformaciones en edificios antiguos, cada imagen captura la esencia de nuestra dedicaci\u00f3n en proporcionar soluciones personalizadas que enriquezcan la vida de las personas y mejoren su accesibilidad vertical. Te invitamos a sumergirte en nuestro portafolio, donde cada proyecto es un ejemplo tangible de nuestra experiencia y profesionalismo en el mundo de la elevaci\u00f3n.<\/p>\n<p style=\"text-align: center;\"><strong>\u00bfNecesita instalar un ascensor o plataforma?<\/strong><\/p>\n<p style=\"text-align: center;\"><a href=\"https:\/\/www.ascensoresbalaguer.com\/co\/presupuesto-online\/\"><strong>\u00a1Solicite su presupuesto ahora mismo!<\/strong><\/a><\/p>\n<p>[\/vc_column_text][\/vc_column][\/vc_row]<\/p>\n<\/div>","protected":false},"excerpt":{"rendered":"<p>[vc_row][vc_column][vc_column_text] Bienvenidos a nuestra secci\u00f3n de Galer\u00eda de Obras en Ascensores Balaguer. Aqu\u00ed te invitamos a explorar una selecci\u00f3n cuidadosamente curada de proyectos que reflejan nuestra pasi\u00f3n por la excelencia en soluciones de elevaci\u00f3n. Cada obra es un testimonio vivo de nuestro compromiso con la innovaci\u00f3n, la seguridad y la adaptabilidad. Desde instalaciones en espacios&hellip;<\/p>\n","protected":false},"author":4,"featured_media":0,"parent":509,"menu_order":0,"comment_status":"closed","ping_status":"closed","template":"template-portfolio-jgrid.php","meta":{"_joinchat":[]},"class_list":["post-501","page","type-page","status-publish","hentry","description-off"],"yoast_head":"<!-- This site is optimized with the Yoast SEO Premium plugin v25.2 (Yoast SEO v25.2) - https:\/\/yoast.com\/wordpress\/plugins\/seo\/ -->\n<title>Galer\u00eda de Obras - Ascensores Balaguer<\/title>\n<meta name=\"description\" content=\"Te invitamos a sumergirte en nuestro portafolio, donde cada proyecto es un ejemplo tangible de nuestra experiencia y profesionalismo en el mundo de la elevaci\u00f3n.\u00bfNecesita instalar un ascensor o plataforma?\u00a1Solicite su presupuesto ahora mismo!\" \/>\n<meta name=\"robots\" content=\"index, follow, max-snippet:-1, max-image-preview:large, max-video-preview:-1\" \/>\n<link rel=\"canonical\" href=\"https:\/\/www.ascensoresbalaguer.com\/co\/empresa\/galeria-de-obras\/\" \/>\n<meta property=\"og:locale\" content=\"es_ES\" \/>\n<meta property=\"og:type\" content=\"article\" \/>\n<meta property=\"og:title\" content=\"Galer\u00eda de Obras\" \/>\n<meta property=\"og:description\" content=\"Te invitamos a sumergirte en nuestro portafolio, donde cada proyecto es un ejemplo tangible de nuestra experiencia y profesionalismo en el mundo de la elevaci\u00f3n.\u00bfNecesita instalar un ascensor o plataforma?\u00a1Solicite su presupuesto ahora mismo!\" \/>\n<meta property=\"og:url\" content=\"https:\/\/www.ascensoresbalaguer.com\/co\/empresa\/galeria-de-obras\/\" \/>\n<meta property=\"og:site_name\" content=\"Ascensores Balaguer\" \/>\n<meta property=\"article:publisher\" content=\"https:\/\/www.facebook.com\/Ascensors.Balaguer.Barcelona\" \/>\n<meta property=\"article:modified_time\" content=\"2023-08-30T08:30:22+00:00\" \/>\n<meta name=\"twitter:card\" content=\"summary_large_image\" \/>\n<meta name=\"twitter:label1\" content=\"Tiempo de lectura\" \/>\n\t<meta name=\"twitter:data1\" content=\"1 minuto\" \/>\n<script type=\"application\/ld+json\" class=\"yoast-schema-graph\">{\"@context\":\"https:\/\/schema.org\",\"@graph\":[{\"@type\":\"WebPage\",\"@id\":\"https:\/\/www.ascensoresbalaguer.com\/co\/empresa\/galeria-de-obras\/\",\"url\":\"https:\/\/www.ascensoresbalaguer.com\/co\/empresa\/galeria-de-obras\/\",\"name\":\"Galer\u00eda de Obras - Ascensores Balaguer\",\"isPartOf\":{\"@id\":\"https:\/\/www.ascensoresbalaguer.com\/co\/#website\"},\"datePublished\":\"2015-08-11T04:12:04+00:00\",\"dateModified\":\"2023-08-30T08:30:22+00:00\",\"description\":\"Te invitamos a sumergirte en nuestro portafolio, donde cada proyecto es un ejemplo tangible de nuestra experiencia y profesionalismo en el mundo de la elevaci\u00f3n.\u00bfNecesita instalar un ascensor o plataforma?\u00a1Solicite su presupuesto ahora mismo!\",\"breadcrumb\":{\"@id\":\"https:\/\/www.ascensoresbalaguer.com\/co\/empresa\/galeria-de-obras\/#breadcrumb\"},\"inLanguage\":\"es-CO\",\"potentialAction\":[{\"@type\":\"ReadAction\",\"target\":[\"https:\/\/www.ascensoresbalaguer.com\/co\/empresa\/galeria-de-obras\/\"]}]},{\"@type\":\"BreadcrumbList\",\"@id\":\"https:\/\/www.ascensoresbalaguer.com\/co\/empresa\/galeria-de-obras\/#breadcrumb\",\"itemListElement\":[{\"@type\":\"ListItem\",\"position\":1,\"name\":\"Portada\",\"item\":\"https:\/\/www.ascensoresbalaguer.com\/co\/\"},{\"@type\":\"ListItem\",\"position\":2,\"name\":\"Empresa\",\"item\":\"https:\/\/www.ascensoresbalaguer.com\/co\/empresa\/\"},{\"@type\":\"ListItem\",\"position\":3,\"name\":\"Galer\u00eda de Obras\"}]},{\"@type\":\"WebSite\",\"@id\":\"https:\/\/www.ascensoresbalaguer.com\/co\/#website\",\"url\":\"https:\/\/www.ascensoresbalaguer.com\/co\/\",\"name\":\"Ascensores Balaguer\",\"description\":\"Especialistas en Espacios Reducidos\",\"publisher\":{\"@id\":\"https:\/\/www.ascensoresbalaguer.com\/co\/#organization\"},\"potentialAction\":[{\"@type\":\"SearchAction\",\"target\":{\"@type\":\"EntryPoint\",\"urlTemplate\":\"https:\/\/www.ascensoresbalaguer.com\/co\/?s={search_term_string}\"},\"query-input\":{\"@type\":\"PropertyValueSpecification\",\"valueRequired\":true,\"valueName\":\"search_term_string\"}}],\"inLanguage\":\"es-CO\"},{\"@type\":\"Organization\",\"@id\":\"https:\/\/www.ascensoresbalaguer.com\/co\/#organization\",\"name\":\"Ascensores Balaguer\",\"url\":\"https:\/\/www.ascensoresbalaguer.com\/co\/\",\"logo\":{\"@type\":\"ImageObject\",\"inLanguage\":\"es-CO\",\"@id\":\"https:\/\/www.ascensoresbalaguer.com\/co\/#\/schema\/logo\/image\/\",\"url\":\"https:\/\/www.ascensoresbalaguer.com\/wp-content\/uploads\/2015\/07\/logo-mini.png\",\"contentUrl\":\"https:\/\/www.ascensoresbalaguer.com\/wp-content\/uploads\/2015\/07\/logo-mini.png\",\"width\":113,\"height\":111,\"caption\":\"Ascensores Balaguer\"},\"image\":{\"@id\":\"https:\/\/www.ascensoresbalaguer.com\/co\/#\/schema\/logo\/image\/\"},\"sameAs\":[\"https:\/\/www.facebook.com\/Ascensors.Balaguer.Barcelona\"]}]}<\/script>\n<!-- \/ Yoast SEO Premium plugin. -->","yoast_head_json":{"title":"Galer\u00eda de Obras - Ascensores Balaguer","description":"Te invitamos a sumergirte en nuestro portafolio, donde cada proyecto es un ejemplo tangible de nuestra experiencia y profesionalismo en el mundo de la elevaci\u00f3n.\u00bfNecesita instalar un ascensor o plataforma?\u00a1Solicite su presupuesto ahora mismo!","robots":{"index":"index","follow":"follow","max-snippet":"max-snippet:-1","max-image-preview":"max-image-preview:large","max-video-preview":"max-video-preview:-1"},"canonical":"https:\/\/www.ascensoresbalaguer.com\/co\/empresa\/galeria-de-obras\/","og_locale":"es_ES","og_type":"article","og_title":"Galer\u00eda de Obras","og_description":"Te invitamos a sumergirte en nuestro portafolio, donde cada proyecto es un ejemplo tangible de nuestra experiencia y profesionalismo en el mundo de la elevaci\u00f3n.\u00bfNecesita instalar un ascensor o plataforma?\u00a1Solicite su presupuesto ahora mismo!","og_url":"https:\/\/www.ascensoresbalaguer.com\/co\/empresa\/galeria-de-obras\/","og_site_name":"Ascensores Balaguer","article_publisher":"https:\/\/www.facebook.com\/Ascensors.Balaguer.Barcelona","article_modified_time":"2023-08-30T08:30:22+00:00","twitter_card":"summary_large_image","twitter_misc":{"Tiempo de lectura":"1 minuto"},"schema":{"@context":"https:\/\/schema.org","@graph":[{"@type":"WebPage","@id":"https:\/\/www.ascensoresbalaguer.com\/co\/empresa\/galeria-de-obras\/","url":"https:\/\/www.ascensoresbalaguer.com\/co\/empresa\/galeria-de-obras\/","name":"Galer\u00eda de Obras - Ascensores Balaguer","isPartOf":{"@id":"https:\/\/www.ascensoresbalaguer.com\/co\/#website"},"datePublished":"2015-08-11T04:12:04+00:00","dateModified":"2023-08-30T08:30:22+00:00","description":"Te invitamos a sumergirte en nuestro portafolio, donde cada proyecto es un ejemplo tangible de nuestra experiencia y profesionalismo en el mundo de la elevaci\u00f3n.\u00bfNecesita instalar un ascensor o plataforma?\u00a1Solicite su presupuesto ahora mismo!","breadcrumb":{"@id":"https:\/\/www.ascensoresbalaguer.com\/co\/empresa\/galeria-de-obras\/#breadcrumb"},"inLanguage":"es-CO","potentialAction":[{"@type":"ReadAction","target":["https:\/\/www.ascensoresbalaguer.com\/co\/empresa\/galeria-de-obras\/"]}]},{"@type":"BreadcrumbList","@id":"https:\/\/www.ascensoresbalaguer.com\/co\/empresa\/galeria-de-obras\/#breadcrumb","itemListElement":[{"@type":"ListItem","position":1,"name":"Portada","item":"https:\/\/www.ascensoresbalaguer.com\/co\/"},{"@type":"ListItem","position":2,"name":"Empresa","item":"https:\/\/www.ascensoresbalaguer.com\/co\/empresa\/"},{"@type":"ListItem","position":3,"name":"Galer\u00eda de Obras"}]},{"@type":"WebSite","@id":"https:\/\/www.ascensoresbalaguer.com\/co\/#website","url":"https:\/\/www.ascensoresbalaguer.com\/co\/","name":"Ascensores Balaguer","description":"Especialistas en Espacios Reducidos","publisher":{"@id":"https:\/\/www.ascensoresbalaguer.com\/co\/#organization"},"potentialAction":[{"@type":"SearchAction","target":{"@type":"EntryPoint","urlTemplate":"https:\/\/www.ascensoresbalaguer.com\/co\/?s={search_term_string}"},"query-input":{"@type":"PropertyValueSpecification","valueRequired":true,"valueName":"search_term_string"}}],"inLanguage":"es-CO"},{"@type":"Organization","@id":"https:\/\/www.ascensoresbalaguer.com\/co\/#organization","name":"Ascensores Balaguer","url":"https:\/\/www.ascensoresbalaguer.com\/co\/","logo":{"@type":"ImageObject","inLanguage":"es-CO","@id":"https:\/\/www.ascensoresbalaguer.com\/co\/#\/schema\/logo\/image\/","url":"https:\/\/www.ascensoresbalaguer.com\/wp-content\/uploads\/2015\/07\/logo-mini.png","contentUrl":"https:\/\/www.ascensoresbalaguer.com\/wp-content\/uploads\/2015\/07\/logo-mini.png","width":113,"height":111,"caption":"Ascensores Balaguer"},"image":{"@id":"https:\/\/www.ascensoresbalaguer.com\/co\/#\/schema\/logo\/image\/"},"sameAs":["https:\/\/www.facebook.com\/Ascensors.Balaguer.Barcelona"]}]}},"_links":{"self":[{"href":"https:\/\/www.ascensoresbalaguer.com\/co\/wp-json\/wp\/v2\/pages\/501","targetHints":{"allow":["GET"]}}],"collection":[{"href":"https:\/\/www.ascensoresbalaguer.com\/co\/wp-json\/wp\/v2\/pages"}],"about":[{"href":"https:\/\/www.ascensoresbalaguer.com\/co\/wp-json\/wp\/v2\/types\/page"}],"author":[{"embeddable":true,"href":"https:\/\/www.ascensoresbalaguer.com\/co\/wp-json\/wp\/v2\/users\/4"}],"replies":[{"embeddable":true,"href":"https:\/\/www.ascensoresbalaguer.com\/co\/wp-json\/wp\/v2\/comments?post=501"}],"version-history":[{"count":1,"href":"https:\/\/www.ascensoresbalaguer.com\/co\/wp-json\/wp\/v2\/pages\/501\/revisions"}],"predecessor-version":[{"id":4371,"href":"https:\/\/www.ascensoresbalaguer.com\/co\/wp-json\/wp\/v2\/pages\/501\/revisions\/4371"}],"up":[{"embeddable":true,"href":"https:\/\/www.ascensoresbalaguer.com\/co\/wp-json\/wp\/v2\/pages\/509"}],"wp:attachment":[{"href":"https:\/\/www.ascensoresbalaguer.com\/co\/wp-json\/wp\/v2\/media?parent=501"}],"curies":[{"name":"wp","href":"https:\/\/api.w.org\/{rel}","templated":true}]}}