{"id":502,"date":"2015-08-11T04:11:49","date_gmt":"2015-08-11T04:11:49","guid":{"rendered":"https:\/\/www.ascensoresbalaguer.com\/historia\/"},"modified":"2019-06-13T20:25:36","modified_gmt":"2019-06-13T20:25:36","slug":"historia","status":"publish","type":"page","link":"https:\/\/www.ascensoresbalaguer.com\/co\/empresa\/historia\/","title":{"rendered":"Historia"},"content":{"rendered":"<div class=\"wpb-content-wrapper\"><p>[vc_row][vc_column][vc_column_text]<\/p>\n<h2><strong>Ascensores Balaguer SAS:<\/strong> Especialistas en espacios reducidos<\/h2>\n<p>[\/vc_column_text][\/vc_column][\/vc_row][vc_row][vc_column width=&#8221;2\/3&#8243;][vc_column_text]<\/p>\n<p style=\"text-align: justify;\">Fundamos Ascensores Balaguer en Europa en 1990 y, desde entonces, nos hemos convertido en una empresa l\u00edder en el sector de soluciones de elevaci\u00f3n, con una consolidada experiencia en el mercado, tanto para espacios residenciales como para grandes instalaciones.<\/p>\n<p style=\"text-align: justify;\">Gracias a nuestros m\u00e1s de 25 a\u00f1os de servicio integral en el transporte vertical, hemos adquirido una profesionalidad que nos permite dar una garant\u00eda total a nuestros trabajos y as\u00ed satisfacer la necesidad de nuestros clientes. Estamos altamente capacitados para brindar a nuestros clientes soluciones de dise\u00f1o que aprovechen todos los espacios disponibles y, por nuestra experiencia trabajando con obras, brindamos servicios tanto para edificios existentes como para obras en construcci\u00f3n.<\/p>\n<p style=\"text-align: justify;\">Nos dedicamos a la <strong>fabricaci\u00f3n, instalaci\u00f3n y mantenimiento de elevadores, y productos de accesibilidad<\/strong>.<\/p>\n<p style=\"text-align: justify;\">Disponemos de la tecnolog\u00eda m\u00e1s avanzada para la instalaci\u00f3n de equipos sin cuarto de m\u00e1quinas, lo cual nos permite garantizar el aprovechamiento del espacio de la mejor manera posible.<\/p>\n<p style=\"text-align: justify;\">Nuestros equipos cuentan con sistemas inteligentes de distribuci\u00f3n de llamadas entre plantas y reguladores de velocidad de frecuencia variable, entre otras opciones tecnol\u00f3gicas. Gracias a esto, conseguimos unos tiempos de espera m\u00ednimos y un trayecto m\u00e1s c\u00f3modo y confortable. Adem\u00e1s, contamos con un servicio t\u00e9cnico disponible las 24 horas los 365 d\u00edas de a\u00f1o, el cual nos permite ofrecer la m\u00e1xima seguridad a nuestros usuarios en caso de aver\u00eda o el infortunio de quedarse encerrado en el ascensor.<\/p>\n<p style=\"text-align: justify;\">Adem\u00e1s de nuestros productos y servicios, estamos orgullosos de apoyar al FC Barcelona, un emblema de nuestra ciudad, tanto como seguidores locales como siendo patrocinadores de la <a href=\"http:\/\/www.pbcc.com.co\/\">Pe\u00f1a Barcelonista Cafetera<\/a> de Cali, primer pe\u00f1a oficial del FC Barcelona en Colombia.<\/p>\n<p style=\"text-align: justify;\">Desde Ascensores Balaguer queremos agradecerles a todas las empresas y personas que han depositado su confianza en nosotros y esperamos poder seguir muchos a\u00f1os en lo m\u00e1s alto, eso s\u00ed, subiendo con nuestros ascensores.<\/p>\n<p>[\/vc_column_text][\/vc_column][vc_column width=&#8221;1\/3&#8243;][vc_single_image alignment=&#8221;center&#8221; image=&#8221;878&#8243; img_size=&#8221;large&#8221;][vc_empty_space height=&#8221;32&#8243;][vc_single_image alignment=&#8221;center&#8221; image=&#8221;877&#8243; img_size=&#8221;large&#8221;][vc_empty_space height=&#8221;32&#8243;][vc_single_image alignment=&#8221;center&#8221; image=&#8221;876&#8243; img_size=&#8221;large&#8221;][\/vc_column][\/vc_row]<\/p>\n<\/div>","protected":false},"excerpt":{"rendered":"<p>[vc_row][vc_column][vc_column_text] Ascensores Balaguer SAS: Especialistas en espacios reducidos [\/vc_column_text][\/vc_column][\/vc_row][vc_row][vc_column width=&#8221;2\/3&#8243;][vc_column_text] Fundamos Ascensores Balaguer en Europa en 1990 y, desde entonces, nos hemos convertido en una empresa l\u00edder en el sector de soluciones de elevaci\u00f3n, con una consolidada experiencia en el mercado, tanto para espacios residenciales como para grandes instalaciones. Gracias a nuestros m\u00e1s de 25&hellip;<\/p>\n","protected":false},"author":4,"featured_media":0,"parent":509,"menu_order":0,"comment_status":"closed","ping_status":"closed","template":"","meta":{"_joinchat":[]},"class_list":["post-502","page","type-page","status-publish","hentry","description-off"],"yoast_head":"<!-- This site is optimized with the Yoast SEO Premium plugin v25.2 (Yoast SEO v25.2) - https:\/\/yoast.com\/wordpress\/plugins\/seo\/ -->\n<title>Historia - Ascensores Balaguer<\/title>\n<meta name=\"robots\" content=\"index, follow, max-snippet:-1, max-image-preview:large, max-video-preview:-1\" \/>\n<link rel=\"canonical\" href=\"https:\/\/www.ascensoresbalaguer.com\/co\/empresa\/historia\/\" \/>\n<meta property=\"og:locale\" content=\"es_ES\" \/>\n<meta property=\"og:type\" content=\"article\" \/>\n<meta property=\"og:title\" content=\"Historia\" \/>\n<meta property=\"og:description\" content=\"[vc_row][vc_column][vc_column_text] Ascensores Balaguer SAS: Especialistas en espacios reducidos [\/vc_column_text][\/vc_column][\/vc_row][vc_row][vc_column width=&#8221;2\/3&#8243;][vc_column_text] Fundamos Ascensores Balaguer en Europa en 1990 y, desde entonces, nos hemos convertido en una empresa l\u00edder en el sector de soluciones de elevaci\u00f3n, con una consolidada experiencia en el mercado, tanto para espacios residenciales como para grandes instalaciones. Gracias a nuestros m\u00e1s de 25&hellip;\" \/>\n<meta property=\"og:url\" content=\"https:\/\/www.ascensoresbalaguer.com\/co\/empresa\/historia\/\" \/>\n<meta property=\"og:site_name\" content=\"Ascensores Balaguer\" \/>\n<meta property=\"article:publisher\" content=\"https:\/\/www.facebook.com\/Ascensors.Balaguer.Barcelona\" \/>\n<meta property=\"article:modified_time\" content=\"2019-06-13T20:25:36+00:00\" \/>\n<meta name=\"twitter:card\" content=\"summary_large_image\" \/>\n<meta name=\"twitter:label1\" content=\"Tiempo de lectura\" \/>\n\t<meta name=\"twitter:data1\" content=\"2 minutos\" \/>\n<script type=\"application\/ld+json\" class=\"yoast-schema-graph\">{\"@context\":\"https:\/\/schema.org\",\"@graph\":[{\"@type\":\"WebPage\",\"@id\":\"https:\/\/www.ascensoresbalaguer.com\/co\/empresa\/historia\/\",\"url\":\"https:\/\/www.ascensoresbalaguer.com\/co\/empresa\/historia\/\",\"name\":\"Historia - Ascensores Balaguer\",\"isPartOf\":{\"@id\":\"https:\/\/www.ascensoresbalaguer.com\/co\/#website\"},\"datePublished\":\"2015-08-11T04:11:49+00:00\",\"dateModified\":\"2019-06-13T20:25:36+00:00\",\"breadcrumb\":{\"@id\":\"https:\/\/www.ascensoresbalaguer.com\/co\/empresa\/historia\/#breadcrumb\"},\"inLanguage\":\"es-CO\",\"potentialAction\":[{\"@type\":\"ReadAction\",\"target\":[\"https:\/\/www.ascensoresbalaguer.com\/co\/empresa\/historia\/\"]}]},{\"@type\":\"BreadcrumbList\",\"@id\":\"https:\/\/www.ascensoresbalaguer.com\/co\/empresa\/historia\/#breadcrumb\",\"itemListElement\":[{\"@type\":\"ListItem\",\"position\":1,\"name\":\"Portada\",\"item\":\"https:\/\/www.ascensoresbalaguer.com\/co\/\"},{\"@type\":\"ListItem\",\"position\":2,\"name\":\"Empresa\",\"item\":\"https:\/\/www.ascensoresbalaguer.com\/co\/empresa\/\"},{\"@type\":\"ListItem\",\"position\":3,\"name\":\"Historia\"}]},{\"@type\":\"WebSite\",\"@id\":\"https:\/\/www.ascensoresbalaguer.com\/co\/#website\",\"url\":\"https:\/\/www.ascensoresbalaguer.com\/co\/\",\"name\":\"Ascensores Balaguer\",\"description\":\"Especialistas en Espacios Reducidos\",\"publisher\":{\"@id\":\"https:\/\/www.ascensoresbalaguer.com\/co\/#organization\"},\"potentialAction\":[{\"@type\":\"SearchAction\",\"target\":{\"@type\":\"EntryPoint\",\"urlTemplate\":\"https:\/\/www.ascensoresbalaguer.com\/co\/?s={search_term_string}\"},\"query-input\":{\"@type\":\"PropertyValueSpecification\",\"valueRequired\":true,\"valueName\":\"search_term_string\"}}],\"inLanguage\":\"es-CO\"},{\"@type\":\"Organization\",\"@id\":\"https:\/\/www.ascensoresbalaguer.com\/co\/#organization\",\"name\":\"Ascensores Balaguer\",\"url\":\"https:\/\/www.ascensoresbalaguer.com\/co\/\",\"logo\":{\"@type\":\"ImageObject\",\"inLanguage\":\"es-CO\",\"@id\":\"https:\/\/www.ascensoresbalaguer.com\/co\/#\/schema\/logo\/image\/\",\"url\":\"https:\/\/www.ascensoresbalaguer.com\/wp-content\/uploads\/2015\/07\/logo-mini.png\",\"contentUrl\":\"https:\/\/www.ascensoresbalaguer.com\/wp-content\/uploads\/2015\/07\/logo-mini.png\",\"width\":113,\"height\":111,\"caption\":\"Ascensores Balaguer\"},\"image\":{\"@id\":\"https:\/\/www.ascensoresbalaguer.com\/co\/#\/schema\/logo\/image\/\"},\"sameAs\":[\"https:\/\/www.facebook.com\/Ascensors.Balaguer.Barcelona\"]}]}<\/script>\n<!-- \/ Yoast SEO Premium plugin. -->","yoast_head_json":{"title":"Historia - Ascensores Balaguer","robots":{"index":"index","follow":"follow","max-snippet":"max-snippet:-1","max-image-preview":"max-image-preview:large","max-video-preview":"max-video-preview:-1"},"canonical":"https:\/\/www.ascensoresbalaguer.com\/co\/empresa\/historia\/","og_locale":"es_ES","og_type":"article","og_title":"Historia","og_description":"[vc_row][vc_column][vc_column_text] Ascensores Balaguer SAS: Especialistas en espacios reducidos [\/vc_column_text][\/vc_column][\/vc_row][vc_row][vc_column width=&#8221;2\/3&#8243;][vc_column_text] Fundamos Ascensores Balaguer en Europa en 1990 y, desde entonces, nos hemos convertido en una empresa l\u00edder en el sector de soluciones de elevaci\u00f3n, con una consolidada experiencia en el mercado, tanto para espacios residenciales como para grandes instalaciones. Gracias a nuestros m\u00e1s de 25&hellip;","og_url":"https:\/\/www.ascensoresbalaguer.com\/co\/empresa\/historia\/","og_site_name":"Ascensores Balaguer","article_publisher":"https:\/\/www.facebook.com\/Ascensors.Balaguer.Barcelona","article_modified_time":"2019-06-13T20:25:36+00:00","twitter_card":"summary_large_image","twitter_misc":{"Tiempo de lectura":"2 minutos"},"schema":{"@context":"https:\/\/schema.org","@graph":[{"@type":"WebPage","@id":"https:\/\/www.ascensoresbalaguer.com\/co\/empresa\/historia\/","url":"https:\/\/www.ascensoresbalaguer.com\/co\/empresa\/historia\/","name":"Historia - Ascensores Balaguer","isPartOf":{"@id":"https:\/\/www.ascensoresbalaguer.com\/co\/#website"},"datePublished":"2015-08-11T04:11:49+00:00","dateModified":"2019-06-13T20:25:36+00:00","breadcrumb":{"@id":"https:\/\/www.ascensoresbalaguer.com\/co\/empresa\/historia\/#breadcrumb"},"inLanguage":"es-CO","potentialAction":[{"@type":"ReadAction","target":["https:\/\/www.ascensoresbalaguer.com\/co\/empresa\/historia\/"]}]},{"@type":"BreadcrumbList","@id":"https:\/\/www.ascensoresbalaguer.com\/co\/empresa\/historia\/#breadcrumb","itemListElement":[{"@type":"ListItem","position":1,"name":"Portada","item":"https:\/\/www.ascensoresbalaguer.com\/co\/"},{"@type":"ListItem","position":2,"name":"Empresa","item":"https:\/\/www.ascensoresbalaguer.com\/co\/empresa\/"},{"@type":"ListItem","position":3,"name":"Historia"}]},{"@type":"WebSite","@id":"https:\/\/www.ascensoresbalaguer.com\/co\/#website","url":"https:\/\/www.ascensoresbalaguer.com\/co\/","name":"Ascensores Balaguer","description":"Especialistas en Espacios Reducidos","publisher":{"@id":"https:\/\/www.ascensoresbalaguer.com\/co\/#organization"},"potentialAction":[{"@type":"SearchAction","target":{"@type":"EntryPoint","urlTemplate":"https:\/\/www.ascensoresbalaguer.com\/co\/?s={search_term_string}"},"query-input":{"@type":"PropertyValueSpecification","valueRequired":true,"valueName":"search_term_string"}}],"inLanguage":"es-CO"},{"@type":"Organization","@id":"https:\/\/www.ascensoresbalaguer.com\/co\/#organization","name":"Ascensores Balaguer","url":"https:\/\/www.ascensoresbalaguer.com\/co\/","logo":{"@type":"ImageObject","inLanguage":"es-CO","@id":"https:\/\/www.ascensoresbalaguer.com\/co\/#\/schema\/logo\/image\/","url":"https:\/\/www.ascensoresbalaguer.com\/wp-content\/uploads\/2015\/07\/logo-mini.png","contentUrl":"https:\/\/www.ascensoresbalaguer.com\/wp-content\/uploads\/2015\/07\/logo-mini.png","width":113,"height":111,"caption":"Ascensores Balaguer"},"image":{"@id":"https:\/\/www.ascensoresbalaguer.com\/co\/#\/schema\/logo\/image\/"},"sameAs":["https:\/\/www.facebook.com\/Ascensors.Balaguer.Barcelona"]}]}},"_links":{"self":[{"href":"https:\/\/www.ascensoresbalaguer.com\/co\/wp-json\/wp\/v2\/pages\/502","targetHints":{"allow":["GET"]}}],"collection":[{"href":"https:\/\/www.ascensoresbalaguer.com\/co\/wp-json\/wp\/v2\/pages"}],"about":[{"href":"https:\/\/www.ascensoresbalaguer.com\/co\/wp-json\/wp\/v2\/types\/page"}],"author":[{"embeddable":true,"href":"https:\/\/www.ascensoresbalaguer.com\/co\/wp-json\/wp\/v2\/users\/4"}],"replies":[{"embeddable":true,"href":"https:\/\/www.ascensoresbalaguer.com\/co\/wp-json\/wp\/v2\/comments?post=502"}],"version-history":[{"count":1,"href":"https:\/\/www.ascensoresbalaguer.com\/co\/wp-json\/wp\/v2\/pages\/502\/revisions"}],"predecessor-version":[{"id":1626,"href":"https:\/\/www.ascensoresbalaguer.com\/co\/wp-json\/wp\/v2\/pages\/502\/revisions\/1626"}],"up":[{"embeddable":true,"href":"https:\/\/www.ascensoresbalaguer.com\/co\/wp-json\/wp\/v2\/pages\/509"}],"wp:attachment":[{"href":"https:\/\/www.ascensoresbalaguer.com\/co\/wp-json\/wp\/v2\/media?parent=502"}],"curies":[{"name":"wp","href":"https:\/\/api.w.org\/{rel}","templated":true}]}}